{"id":97,"date":"2019-03-07T10:50:00","date_gmt":"2019-03-07T09:50:00","guid":{"rendered":"http:\/\/wiaraprawda.pl\/?page_id=97"},"modified":"2022-04-20T16:07:59","modified_gmt":"2022-04-20T14:07:59","slug":"drogi-boga","status":"publish","type":"page","link":"https:\/\/movart.org.pl\/?page_id=97","title":{"rendered":"Polska Jerozolima"},"content":{"rendered":"\n<p>W listopadzie 2020 roku ostatecznie zako\u0144czono prace nad filmem dokumentalnym \u201ePolska Jerozolima\u201d. Projekt by\u0142 realizowany od roku 2019 z inicjatywy naszej <strong>Fundacji <\/strong>oraz <strong>Klasztoru w Kalwarii Zebrzydowskiej<\/strong>. Od pocz\u0105tku prac do dzia\u0142a\u0144 tw\u00f3rc\u00f3w i producent\u00f3w do\u0142\u0105czy\u0142a Gmina Kalwaria Zebrzydowska, a finansowo w\u0142\u0105czy\u0142o si\u0119 Wojew\u00f3dztwo Ma\u0142opolskie.<\/p>\n\n\n\n<p>Pocz\u0105tkiem 2020 roku, bior\u0105c pod uwag\u0119 znaczenie projektu dla historii i kultury polskiej oraz europejskiej, do prac w\u0142\u0105czy\u0142o si\u0119 <strong>Ministerstwo Kultury i Dziedzictwa Narodowego<\/strong> poprzez bezpo\u015bredni nadz\u00f3r i wsparcie <strong>Narodowego Centrum Kultury.<\/strong><\/p>\n\n\n\n<p>Projekt wspar\u0142o tak\u017ce wiele\nindywidualnych os\u00f3b, firm oraz instytucji, takich jak: Gmina\nLanckorona, Konwent Bonifratr\u00f3w w Zebrzydowicach, Stowarzyszenie\nDobroczynne im. Miko\u0142aja Zebrzydowskiego, Arcybractwo Mi\u0142osierdzia\nz Krakowa czy Polska Izba Przemys\u0142u Sk\u00f3rzanego.<\/p>\n\n\n\n<p>Film powsta\u0142 na podstawie scenariusza Miros\u0142awa Krzyszkowskiego i Joanny Zaj\u0105c, kt\u00f3rzy tak\u017ce re\u017cyserowali dzie\u0142o. Niezwyk\u0142ym walorem projektu jest oryginalna muzyka Krzysztofa Odrobiny, w tym specjalnie napisana dla filmu piosenka \u201ePielgrzym\u201d (s\u0142owa: Miros\u0142aw Krzyszkowski, muzyka: Krzysztof Odrobina).<\/p>\n\n\n\n<figure class=\"wp-block-embed is-type-video is-provider-youtube wp-block-embed-youtube wp-embed-aspect-16-9 wp-has-aspect-ratio\"><div class=\"wp-block-embed__wrapper\">\n<iframe loading=\"lazy\" title=\"PIELGRZYM - piosenka z filmu POLSKA JEROZOLIMA\" width=\"640\" height=\"360\" src=\"https:\/\/www.youtube.com\/embed\/UeSuRYQJx_E?feature=oembed\" frameborder=\"0\" allow=\"accelerometer; autoplay; clipboard-write; encrypted-media; gyroscope; picture-in-picture\" allowfullscreen><\/iframe>\n<\/div><figcaption>Klip z piosnk\u0105 do filmu POLSKA JEROZOLIMA<\/figcaption><\/figure>\n\n\n\n<p>Prowadzenia widza przez tajemnice\nPolskiej Jerozolimy podj\u0105\u0142 si\u0119 znany publicysta i dziennikarz\nMarek Zaj\u0105c, wchodz\u0105c w historyczn\u0105 i wsp\u00f3\u0142czesn\u0105 rzeczywisto\u015b\u0107\nkreowan\u0105 na ekranie. Z offu towarzyszy mu g\u0142os znanego aktora\nWaldemara Barwi\u0144skiego.<\/p>\n\n\n\n<p>Tw\u00f3rcy si\u0119gn\u0119li w obrazie po ciekawy\nzabieg artystyczny, \u0142\u0105cz\u0105c w animacyjnej narracji dzie\u0142a sztuki,\nkarty starych ksi\u0105g i element\u00f3w architektury z obrazami filmowymi,\nnadaj\u0105c im w ten spos\u00f3b szczeg\u00f3lny wyraz, w kt\u00f3rym \u0142\u0105cz\u0105 si\u0119\ndwie rzeczywisto\u015bci.<\/p>\n\n\n\n<p>Film powstawa\u0142 w latach 2019\u20132020, a\njego tw\u00f3rcy starali si\u0119 towarzyszy\u0107 najwa\u017cniejszym wydarzeniom i\nsytuacjom rozgrywaj\u0105cym si\u0119 w Polskiej Jerozolimie, takim jak\nWielkanocne Misteria, kt\u00f3re gromadz\u0105 setki tysi\u0119cy pielgrzym\u00f3w. \n<\/p>\n\n\n\n<p>Realizatorom filmu uda\u0142o si\u0119 tak\u017ce\npokaza\u0107 \u2013 dzi\u0119ki wsp\u00f3\u0142czesnym zdj\u0119ciom z Jerozolimy,\narchiwaliom oraz koresponduj\u0105cymi z nimi malarskimi kadrami z\nPolskiej Jerozolimy (Kalwarii Zebrzydowskiej) \u2013 jak wiele \u0142\u0105czy\nte miejsca w przestrzeni wpisanej w krajobraz historii, ale przede\nwszystkim w wymiarze duchowego i kulturowego dziedzictwa.<\/p>\n\n\n\n<p>Biografia g\u0142\u00f3wnego bohatera \u2013\nMiko\u0142aja Zebrzydowskiego \u2013 bogata jest w niezwyk\u0142e zwroty akcji,\nkt\u00f3rym towarzysz\u0105 cz\u0119sto prze\u0142omowe decyzje. Zebrzydowski to\ncz\u0142owiek z krwi i ko\u015bci, kochaj\u0105cy m\u0105\u017c, zaanga\u017cowany polityk i\n\u017co\u0142nierz. Pozostawi\u0142 po sobie wiele dzie\u0142, kt\u00f3re do dzisiaj\nprzynosz\u0105 owoce (w Krakowie, Zebrzydowicach, Kalwarii Zebrzydowskiej\nczy Lanckoronie). Kalwaria Zebrzydowska z sk\u0142aniaj\u0105cymi ku\nmedytacji i modlitwie dr\u00f3\u017ckami, jest najwa\u017cniejszym z nich. \n<\/p>\n\n\n\n<p>Narracja filmu \u201ePolska Jerozolima\u201d\nto pasjonuj\u0105ca podr\u00f3\u017c przez XVII-wieczn\u0105 histori\u0119 Polski a\u017c po\nwsp\u00f3\u0142czesne obrazy i losy pielgrzym\u00f3w i kontynuator\u00f3w dzie\u0142\nfundatora Polskiej Jerozolimy Miko\u0142aja Zebrzydowskiego. Takim\nwielkim Kalwaryjskim Pielgrzymem jest sam<strong> \u015bw. Jana Pawe\u0142 II<\/strong>,\nkt\u00f3ry w roku 2020 (stulecie urodzin) zosta\u0142 zgodnie z watyka\u0144skim\ndekretem <strong>Patronem Kalwarii Zebrzydowskiej<\/strong>.<\/p>\n\n\n\n<p><strong>Wsp<\/strong><strong>\u00f3<\/strong><strong>\u0142czesna Polska\nJerozolima nadal \u017cyje duchowymi i kulturowymi dzie\u0142ami. Ka\u017cdego\nroku przybywaj\u0105 tu 2 miliony pielgrzym<\/strong><strong>\u00f3<\/strong><strong>w i turyst<\/strong><strong>\u00f3<\/strong><strong>w\nz ca\u0142ego \u015bwiata. Realizatorom uda\u0142o si\u0119 pokaza\u0107 fenomen\nhistoryczny i duchowy tego niezwyk\u0142ego miejsca, po\u0142o\u017conego 30 km\nod Krakowa i wpisanego w 1999 roku na list\u0119 \u015bwiatowego<\/strong><strong>\ndziedzictwa UNESCO.<\/strong><\/p>\n\n\n\n<p>Film b\u0119dzie mo\u017cna wkr\u00f3tce zobaczy\u0107 w telewizji, internecie oraz na licznych pokazach.<\/p>\n\n\n\n<figure class=\"wp-block-embed is-type-video is-provider-youtube wp-block-embed-youtube wp-embed-aspect-16-9 wp-has-aspect-ratio\"><div class=\"wp-block-embed__wrapper\">\n<iframe loading=\"lazy\" title=\"Polska Jerozolima - zwiastun\" width=\"640\" height=\"360\" src=\"https:\/\/www.youtube.com\/embed\/e-FbL-KCF5Y?feature=oembed\" frameborder=\"0\" allow=\"accelerometer; autoplay; clipboard-write; encrypted-media; gyroscope; picture-in-picture\" allowfullscreen><\/iframe>\n<\/div><\/figure>\n","protected":false},"excerpt":{"rendered":"<p>W listopadzie 2020 roku ostatecznie zako\u0144czono prace nad filmem dokumentalnym \u201ePolska Jerozolima\u201d. Projekt by\u0142 realizowany od roku 2019 z inicjatywy naszej Fundacji oraz Klasztoru w Kalwarii Zebrzydowskiej. Od pocz\u0105tku prac do dzia\u0142a\u0144 tw\u00f3rc\u00f3w i producent\u00f3w do\u0142\u0105czy\u0142a Gmina Kalwaria Zebrzydowska, a finansowo w\u0142\u0105czy\u0142o si\u0119 Wojew\u00f3dztwo Ma\u0142opolskie. Pocz\u0105tkiem 2020 roku, bior\u0105c pod uwag\u0119 znaczenie projektu dla historii i kultury polskiej oraz europejskiej, do prac w\u0142\u0105czy\u0142o si\u0119 Ministerstwo Kultury i Dziedzictwa Narodowego poprzez bezpo\u015bredni nadz\u00f3r i wsparcie Narodowego Centrum Kultury. Projekt wspar\u0142o tak\u017ce&#8230;<\/p>\n<p class=\"read-more\"><a class=\"btn btn-default\" href=\"https:\/\/movart.org.pl\/?page_id=97\"> Read More<span class=\"screen-reader-text\">  Read More<\/span><\/a><\/p>\n","protected":false},"author":2,"featured_media":0,"parent":0,"menu_order":0,"comment_status":"closed","ping_status":"closed","template":"","meta":[],"_links":{"self":[{"href":"https:\/\/movart.org.pl\/index.php?rest_route=\/wp\/v2\/pages\/97"}],"collection":[{"href":"https:\/\/movart.org.pl\/index.php?rest_route=\/wp\/v2\/pages"}],"about":[{"href":"https:\/\/movart.org.pl\/index.php?rest_route=\/wp\/v2\/types\/page"}],"author":[{"embeddable":true,"href":"https:\/\/movart.org.pl\/index.php?rest_route=\/wp\/v2\/users\/2"}],"replies":[{"embeddable":true,"href":"https:\/\/movart.org.pl\/index.php?rest_route=%2Fwp%2Fv2%2Fcomments&post=97"}],"version-history":[{"count":24,"href":"https:\/\/movart.org.pl\/index.php?rest_route=\/wp\/v2\/pages\/97\/revisions"}],"predecessor-version":[{"id":466,"href":"https:\/\/movart.org.pl\/index.php?rest_route=\/wp\/v2\/pages\/97\/revisions\/466"}],"wp:attachment":[{"href":"https:\/\/movart.org.pl\/index.php?rest_route=%2Fwp%2Fv2%2Fmedia&parent=97"}],"curies":[{"name":"wp","href":"https:\/\/api.w.org\/{rel}","templated":true}]}}