{"id":66,"date":"2018-06-27T10:41:09","date_gmt":"2018-06-27T08:41:09","guid":{"rendered":"http:\/\/wiaraprawda.pl\/?page_id=66"},"modified":"2022-04-20T16:06:43","modified_gmt":"2022-04-20T14:06:43","slug":"swiadkowie-najnowszy-projekt-fundacji","status":"publish","type":"page","link":"https:\/\/movart.org.pl\/?page_id=66","title":{"rendered":"Polacy w Auschwitz"},"content":{"rendered":"<div id='gallery-1' class='gallery galleryid-66 gallery-columns-1 gallery-size-full'><figure class='gallery-item'>\n\t\t\t<div class='gallery-icon landscape'>\n\t\t\t\t<a title=\"20180613_polska_11,oHuCn6impHCVqcKHZpY\" href='https:\/\/movart.org.pl\/wp-content\/uploads\/2018\/06\/20180613_polska_11oHuCn6impHCVqcKHZpY.jpg'><img width=\"1024\" height=\"683\" src=\"https:\/\/movart.org.pl\/wp-content\/uploads\/2018\/06\/20180613_polska_11oHuCn6impHCVqcKHZpY.jpg\" class=\"attachment-full size-full\" alt=\"\" loading=\"lazy\" srcset=\"https:\/\/movart.org.pl\/wp-content\/uploads\/2018\/06\/20180613_polska_11oHuCn6impHCVqcKHZpY.jpg 1024w, https:\/\/movart.org.pl\/wp-content\/uploads\/2018\/06\/20180613_polska_11oHuCn6impHCVqcKHZpY-300x200.jpg 300w, https:\/\/movart.org.pl\/wp-content\/uploads\/2018\/06\/20180613_polska_11oHuCn6impHCVqcKHZpY-768x512.jpg 768w, https:\/\/movart.org.pl\/wp-content\/uploads\/2018\/06\/20180613_polska_11oHuCn6impHCVqcKHZpY-405x270.jpg 405w\" sizes=\"(max-width: 1024px) 100vw, 1024px\" \/><\/a>\n\t\t\t<\/div><\/figure>\n\t\t<\/div>\n\n<p>Fot. \u0141ukasz Lipi\u0144ski<\/p>\n<p>\u201eObywatele polscy w KL Auschwitz\u201d to tytu\u0142 projektu edukacyjnego, kt\u00f3rego g\u0142\u00f3wnym celem jest upowszechnienie w\u015br\u00f3d m\u0142odych Polak\u00f3w rzetelnej wiedzy dotycz\u0105cej historii i los\u00f3w obywateli II Rzeczpospolitej wi\u0119zionych i mordowanych w niemieckim nazistowskim obozie koncentracyjnym i zag\u0142ady Auschwitz. Oficjalna inauguracja projektu odby\u0142a si\u0119 13 czerwca w Sali Janusza Korczaka w PKiN w Warszawie. W spotkaniu wzi\u0105\u0142 udzia\u0142 m.in. wiceminister edukacji narodowej Maciej Kope\u0107.<\/p>\n<p>\u201eTematyka zwi\u0105zana z niemieckimi nazistowskimi obozami koncentracyjnymi i o\u015brodkami zag\u0142ady to nadal jeden z najwa\u017cniejszych i zarazem najtrudniejszych wyzwa\u0144, jakie stoj\u0105 przed polskimi nauczycielami \u2013 zar\u00f3wno pod k\u0105tem rzetelnego przedstawiania wiedzy, jak i nak\u0142onienia uczni\u00f3w do pog\u0142\u0119bienia refleksji. Nadal zbyt ma\u0142o powsta\u0142o na tym polu zar\u00f3wno materia\u0142\u00f3w merytorycznych, jak i wzorcowych mechanizm\u00f3w ich przekazywania w procesie dydaktycznym\u201d \u2013 pisz\u0105 tw\u00f3rcy projektu.<\/p>\n<p>\u2013 W czasie, kiedy historia cz\u0119sto staje si\u0119 przedmiotem interpretacji, istnieje wyj\u0105tkowo silna potrzeba przywo\u0142ania fakt\u00f3w i powo\u0142ania si\u0119 na sprawdzone historyczne \u017ar\u00f3d\u0142a. Wsp\u00f3\u0142czesne pokolenie m\u0142odych ludzi powinno mie\u0107 \u015bwiadomo\u015b\u0107 tragizmu historii zwi\u0105zanej z miejscami ka\u017ani podczas II wojny \u015bwiatowej \u2013 powiedzia\u0142 dyrektor Muzeum Auschwitz dr Piotr M. A. Cywi\u0144ski. \u2013 Powinni j\u0105 tak\u017ce poznawa\u0107 poprzez indywidualne losy ich ofiar i bohater\u00f3w. To wa\u017cne, zw\u0142aszcza teraz, kiedy \u017cyj\u0105 ju\u017c tylko nieliczni \u015bwiadkowie tamtych dramatycznych czas\u00f3w\u201d \u2013 doda\u0142.<\/p>\n<p>Projekt sk\u0142ada si\u0119 z trzech element\u00f3w: edukacyjnego filmu dokumentalnego \u201e\u015awiadkowie\u201d w re\u017cyserii Miros\u0142awa Krzyszkowskiego, kt\u00f3rego narratorem jest Marek Zaj\u0105c. Prezentuje on portrety i los obywateli polskich deportowanych i wi\u0119zionych w obozie \u2013 Polak\u00f3w, \u017byd\u00f3w i Rom\u00f3w \u2013 w kontek\u015bcie historii nazistowskich Niemiec, powstania i funkcjonowania obozu Auschwitz-Birkenau oraz ca\u0142ego niemieckiego aparatu mordu i terroru. Kolejnymi elementami projektu s\u0105 pakiet edukacyjny wraz ze scenariuszem lekcji, a tak\u017ce warsztaty dla nauczycieli.<\/p>\n<p>\u2013 Scenariusz lekcji przygotowany przez ekspert\u00f3w Mi\u0119dzynarodowego Centrum Edukacji o Auschwitz i Holokau\u015bcie w Muzeum Auschwitz zosta\u0142 oparty na losach sze\u015bciorga m\u0142odych ludzi \u2013 powiedzia\u0142 Andrzej Kacorzyk, dyrektor Mi\u0119dzynarodowego Centrum Edukacji o Auschwitz o Holokau\u015bcie. \u2013 S\u0105 to Bogdan Bartnikowski, Czes\u0142aw Kempisty, Zofia \u0141y\u015b, Rutka Laskier, Edward Paczkowski oraz Marian Turski. W materia\u0142ach pojawiaj\u0105 si\u0119 te\u017c biogramy i relacje wi\u0119\u017ani\u00f3w Auschwitz: Haliny Birenbaum, Batszewy Dagan, J\u00f3zefa Garli\u0144skiego, Israela Gutmana, Janiny Iwa\u0144skiej, Romana Kenta oraz rtm. Witolda Pileckiego. Bohaterami lekcji s\u0105 zatem osoby, kt\u00f3re w czasie II wojny \u015bwiatowej by\u0142y w wi\u0119kszo\u015bci w podobnym do uczni\u00f3w wieku \u2013 podkre\u015bli\u0142 Kacorzyk.<\/p>\n<p>Film oraz pakiet edukacyjny b\u0119d\u0105 stanowi\u0107 kompendium rzetelnej, \u017ar\u00f3d\u0142owej wiedzy o losie polskich obywateli w KL Auschwitz. \u2013 Mamy wielk\u0105 nadziej\u0119, i\u017c poznanie zawartych tam informacji, jak i warto\u015b\u0107 przekazu emocjonalnego stanie si\u0119 inspiracj\u0105 dla m\u0142odzie\u017cy do poznawania tragicznych wydarze\u0144 tamtego czasu, r\u00f3wnie\u017c w wymiarze historii \u201ema\u0142ych ojczyzn\u201d i historii rodzinnych \u2013 powiedzia\u0142 Marek Zaj\u0105c z Fundacji Wiara i Prawda.<\/p>\n<p>\u201eZadaniem projektu jest r\u00f3wnie\u017c przygotowanie nauczycieli z ca\u0142ej Polski do skutecznego realizowania procesu edukacji historycznej. Wa\u017cnym elementem b\u0119dzie t\u0142umaczenie zar\u00f3wno filmu dokumentalnego, jak i pakietu edukacyjnego, na j\u0119zyki angielski i hebrajski. Umo\u017cliwi to rozpowszechnienie projektu poza granicami Polski i tym samym podniesienie \u015bwiadomo\u015b\u0107 i wiedzy na temat los\u00f3w obywateli RP w KL Auschwitz na \u015bwiecie\u201d \u2013 pisz\u0105 tw\u00f3rcy.<\/p>\n<p>Niemcy w latach 1940-1945 deportowali do obozu Auschwitz ok. 1,3 miliona os\u00f3b, w tym ok. 450 tysi\u0119cy obywateli II Rzeczpospolitej: ok. 300 tysi\u0119cy \u017byd\u00f3w, ok. 150 tys. Polak\u00f3w oraz ok. 1400 Rom\u00f3w.<\/p>\n<p>Projekt powsta\u0142 dzi\u0119ki wsp\u00f3\u0142pracy Pa\u0144stwowego Muzeum Auschwitz-Birkenau oraz naszej Fundacji. Produkcja zosta\u0142a sfinansowana ze \u015brodk\u00f3w Fundacji Rozwoju Systemu Edukacji w ramach programu wspierania dzia\u0142a\u0144 zwi\u0105zanych z pami\u0119ci\u0105 narodow\u0105. Scenariusz lekcji, karty pracy oraz karty refleksji mo\u017cna pobra\u0107 poni\u017cej. Integraln\u0105 cz\u0119\u015bci\u0105 lekcji jest prezentacja w programie Prezi dost\u0119pna <a href=\"https:\/\/prezi.com\/view\/gIRsFUXD4t7nVxP5Xl5U\/\" target=\"_blank\" rel=\"noopener noreferrer\">tutaj<\/a>.<\/p>\n<p>Tekst i zdj\u0119cia na podstawie <a href=\"http:\/\/www.auschwitz.org\/muzeum\/aktualnosci\/obywatele-polscy-w-kl-auschwitz-lekcja-i-film-poswiecony-losom-obywateli-ii-rp-w-niemieckim-obozie-koncentracyjnym-i-zaglady,1989.html\" target=\"_blank\" rel=\"noopener noreferrer\">PMA-B<\/a>:<\/p>\n<p>Pliki z pakietem edukacyjnym do pobrania na stronie <a href=\"http:\/\/www.auschwitz.org\/muzeum\/aktualnosci\/obywatele-polscy-w-kl-auschwitz-lekcja-i-film-poswiecony-losom-obywateli-ii-rp-w-niemieckim-obozie-koncentracyjnym-i-zaglady,1989.html\" target=\"_blank\" rel=\"noopener noreferrer\">PMA-B<\/a>.<\/p>\n<p><strong>Emisje telewizyjne:<\/strong><\/p>\n<p>TVP 3 \u2013 1.09.2018 \u2013 godz. 8.55, 22.35<\/p>\n<p>TVP3 \u2013 2.09.2018 \u2013 godz. 3.50<\/p>\n<p>TVP3 \u2013 21.09.2018 \u2013 godz. 11.30, 23.50<\/p>\n<p>TVP Historia \u2013 14.06.2019 \u2013 godz. 20.00<\/p>\n<p><strong>Konferencje i warsztaty dla nauczycieli<\/strong><\/p>\n<p>13.06.2018 \u2013 Warszawa \u2013 Pa\u0142ac Kultury i Nauki \u2013 pokaz filmu wraz z prezentacj\u0105 programu edukacyjnego dla nauczycieli z ca\u0142ej Polski.<\/p>\n<p>14.06.2018 \u2013 O\u015bwi\u0119cim \u2013 Pa\u0144stwowe Muzeum Auschwitz-Birkenau \u2013 pokaz filmu wraz z prezentacj\u0105 programu edukacyjnego.<\/p>\n<p>27.11.2018 \u2013 Gdynia \u2013 pokaz filmu wraz z prezentacj\u0105 programu edukacyjnego dla nauczycieli z p\u00f3\u0142nocnej Polski.<\/p>\n<p>5.04.2019 \u2013 O\u015bwi\u0119cim \u2013 pokaz filmu podczas VI edycji Ma\u0142opolskiego Konkursu \u201e\u015aladami niez\u0142omnych. Witold Pilecki i El\u017cbieta Zawacka\u201d w O\u015bwi\u0119cimiu. Pomi\u0119dzy cz\u0119\u015bci\u0105 pisemn\u0105 i ustn\u0105 Konkursu zosta\u0142a zrealizowana cz\u0119\u015b\u0107 edukacyjna w Pa\u0144stwowym Muzeum Auschwitz \u2013 Birkenau po\u0142\u0105czona z projekcj\u0105 filmu dokumentalnego \u201e\u015awiadkowie\u201d.<\/p>\n<p>14.06.2019 \u2013 O\u015bwi\u0119cim \/ Harm\u0119\u017ce \/ Fundacja Wiara i Prawda jako wsp\u00f3\u0142organizator obchod\u00f3w NARODOWEGO DNIA PAMI\u0118CI OFIAR NIEMIECKICH NAZISTOWSKICH OBOZ\u00d3W KONCENTRACYJNYCH I OBOZ\u00d3W ZAG\u0141ADY. Patronat Narodowy Prezydent RP.<\/p>\n<p>14\u201317.08.2019 \u2013 Nasz film \u201e\u015awiadkowie\u201d zosta\u0142 nominowany do <strong>nagrody &#8222;Zamo\u015b\u0107 Per\u0142a Renesansu&#8221; 7. Zamojskiego Festiwalu Filmowego &#8222;Spotkania z histori\u0105&#8221;.<br \/>\n<\/strong><\/p>\n<p><span style=\"color: #0000ff\"><u><a href=\"http:\/\/www.zamoscfilmfestival.pl\/news\/88-filmy-zakwalifikowane-do-konkursu-festiwalowego.html\">http:\/\/www.zamoscfilmfestival.pl\/news\/88-filmy-zakwalifikowane-do-konkursu-festiwalowego.html<\/a><\/u><\/span><\/p>\n<p><strong>Na tym festiwalu otrzyma\u0142 wyr\u00f3\u017cnienie:<\/strong><\/p>\n<p><span style=\"color: #0000ff\"><u><a href=\"http:\/\/www.zamoscfilmfestival.pl\/news\/97-film-\u201etrzy-losy-\u2013-jedna-polska\u201d-leszka-wisniewskiego-zwyciezca-7.-zff-\u201espotkania-z-historia\u201d-.html?fbclid=IwAR2s-msQJJCJn_2sZxSJyddnR_oVGc4ZqhPr4c1A3fuZXaOApSpX_d-UhhM\">http:\/\/www.zamoscfilmfestival.pl\/news\/97-film-%E2%80%9Etrzy-losy-%E2%80%93-jedna-polska%E2%80%9D-leszka-wisniewskiego-zwyciezca-7.-zff-%E2%80%9Espotkania-z-historia%E2%80%9D-.html?fbclid=IwAR2s-msQJJCJn_2sZxSJyddnR_oVGc4ZqhPr4c1A3fuZXaOApSpX_d-UhhM<\/a><\/u><\/span><\/p>\n<p>22.09.2019 na <strong>XXXIV Mi\u0119dzynarodowym Katolickim Festiwalu Film\u00f3w i Multimedi\u00f3w <\/strong><strong>KSF Niepokalana 2019 nasz film \u201e\u015awiadkowie\u201d otrzyma\u0142 <\/strong><b>I<\/b> <b>nagrod\u0119 w kategorii MARTYROLOGIA NARODU <\/b>jako \u201eBardzo starannie i profesjonalnie zrealizowany film edukacyjny\u201d.<\/p>\n<div id='gallery-2' class='gallery galleryid-66 gallery-columns-2 gallery-size-medium'><figure class='gallery-item'>\n\t\t\t<div class='gallery-icon portrait'>\n\t\t\t\t<a title=\"IMG_4014\" href='https:\/\/movart.org.pl\/wp-content\/uploads\/2019\/09\/IMG_4014.jpg'><img width=\"225\" height=\"300\" src=\"https:\/\/movart.org.pl\/wp-content\/uploads\/2019\/09\/IMG_4014-225x300.jpg\" class=\"attachment-medium size-medium\" alt=\"\" loading=\"lazy\" srcset=\"https:\/\/movart.org.pl\/wp-content\/uploads\/2019\/09\/IMG_4014-225x300.jpg 225w, https:\/\/movart.org.pl\/wp-content\/uploads\/2019\/09\/IMG_4014-203x270.jpg 203w, https:\/\/movart.org.pl\/wp-content\/uploads\/2019\/09\/IMG_4014.jpg 600w\" sizes=\"(max-width: 225px) 100vw, 225px\" \/><\/a>\n\t\t\t<\/div><\/figure><figure class='gallery-item'>\n\t\t\t<div class='gallery-icon landscape'>\n\t\t\t\t<a title=\"IMG_3990\" href='https:\/\/movart.org.pl\/wp-content\/uploads\/2019\/09\/IMG_3990.jpg'><img width=\"300\" height=\"225\" src=\"https:\/\/movart.org.pl\/wp-content\/uploads\/2019\/09\/IMG_3990-300x225.jpg\" class=\"attachment-medium size-medium\" alt=\"\" loading=\"lazy\" srcset=\"https:\/\/movart.org.pl\/wp-content\/uploads\/2019\/09\/IMG_3990-300x225.jpg 300w, https:\/\/movart.org.pl\/wp-content\/uploads\/2019\/09\/IMG_3990-768x576.jpg 768w, https:\/\/movart.org.pl\/wp-content\/uploads\/2019\/09\/IMG_3990-1024x768.jpg 1024w, https:\/\/movart.org.pl\/wp-content\/uploads\/2019\/09\/IMG_3990-360x270.jpg 360w, https:\/\/movart.org.pl\/wp-content\/uploads\/2019\/09\/IMG_3990.jpg 1600w\" sizes=\"(max-width: 300px) 100vw, 300px\" \/><\/a>\n\t\t\t<\/div><\/figure>\n\t\t<\/div>\n\n<p>9 listopada 2019 na <strong>XIV FESTIWALU POLONIJNYM \u201eLOSY POLAK\u00d3W 2019\u201d<\/strong> film zdoby\u0142 Nagrod\u0119 w kategorii &#8222;Filmu ukazuj\u0105ce losy Polak\u00f3w \u017cydowskiego pochodzenia&#8221;.<\/p>\n<div id='gallery-3' class='gallery galleryid-66 gallery-columns-2 gallery-size-medium'><figure class='gallery-item'>\n\t\t\t<div class='gallery-icon portrait'>\n\t\t\t\t<a title=\"IMG_0452\" href='https:\/\/movart.org.pl\/wp-content\/uploads\/2019\/11\/IMG_0452.jpg'><img width=\"225\" height=\"300\" src=\"https:\/\/movart.org.pl\/wp-content\/uploads\/2019\/11\/IMG_0452-225x300.jpg\" class=\"attachment-medium size-medium\" alt=\"\" loading=\"lazy\" srcset=\"https:\/\/movart.org.pl\/wp-content\/uploads\/2019\/11\/IMG_0452-225x300.jpg 225w, https:\/\/movart.org.pl\/wp-content\/uploads\/2019\/11\/IMG_0452-768x1024.jpg 768w, https:\/\/movart.org.pl\/wp-content\/uploads\/2019\/11\/IMG_0452-203x270.jpg 203w\" sizes=\"(max-width: 225px) 100vw, 225px\" \/><\/a>\n\t\t\t<\/div><\/figure><figure class='gallery-item'>\n\t\t\t<div class='gallery-icon portrait'>\n\t\t\t\t<a title=\"IMG_0457\" href='https:\/\/movart.org.pl\/wp-content\/uploads\/2019\/11\/IMG_0457.jpg'><img width=\"225\" height=\"300\" src=\"https:\/\/movart.org.pl\/wp-content\/uploads\/2019\/11\/IMG_0457-225x300.jpg\" class=\"attachment-medium size-medium\" alt=\"\" loading=\"lazy\" srcset=\"https:\/\/movart.org.pl\/wp-content\/uploads\/2019\/11\/IMG_0457-225x300.jpg 225w, https:\/\/movart.org.pl\/wp-content\/uploads\/2019\/11\/IMG_0457-768x1024.jpg 768w, https:\/\/movart.org.pl\/wp-content\/uploads\/2019\/11\/IMG_0457-203x270.jpg 203w\" sizes=\"(max-width: 225px) 100vw, 225px\" \/><\/a>\n\t\t\t<\/div><\/figure>\n\t\t<\/div>\n\n<p><strong>Poni\u017cej trailery i film \u015aWIADKOWIE na YT (wysoka ogl\u0105dalno\u015b\u0107 filmu):<\/strong><\/p>\n<p>Trailer 1<\/p>\n<p><iframe loading=\"lazy\" title=\"\u015aWIADKOWIE. Obywatele polscy w Auschwitz-Birkenau. Trailer 1 minuta\" width=\"640\" height=\"360\" src=\"https:\/\/www.youtube.com\/embed\/fDV0k98CKfE?feature=oembed\" frameborder=\"0\" allow=\"accelerometer; autoplay; encrypted-media; gyroscope; picture-in-picture\" allowfullscreen><\/iframe><\/p>\n<p>Trailer 2<\/p>\n<p><iframe loading=\"lazy\" title=\"\u015aWIADKOWIE. Obywatele polscy w Auschwitz-Birkenau. Trailer 3 minuty\" width=\"640\" height=\"360\" src=\"https:\/\/www.youtube.com\/embed\/dM4eHsBNarM?feature=oembed\" frameborder=\"0\" allow=\"accelerometer; autoplay; encrypted-media; gyroscope; picture-in-picture\" allowfullscreen><\/iframe><\/p>\n<p>Ca\u0142y film<\/p>\n<p><iframe loading=\"lazy\" title=\"\u015aWIADKOWIE. OBYWATELE POLSCY W AUSCHWITZ-BIRKENAU\" width=\"640\" height=\"360\" src=\"https:\/\/www.youtube.com\/embed\/gozc4HgHD98?feature=oembed\" frameborder=\"0\" allow=\"accelerometer; autoplay; encrypted-media; gyroscope; picture-in-picture\" allowfullscreen><\/iframe><\/p>\n<div id='gallery-4' class='gallery galleryid-66 gallery-columns-1 gallery-size-full'><figure class='gallery-item'>\n\t\t\t<div class='gallery-icon landscape'>\n\t\t\t\t<a title=\"20180613_polacy_lekcja_pasek\" href='https:\/\/movart.org.pl\/wp-content\/uploads\/2018\/06\/20180613_polacy_lekcja_pasek.png'><img width=\"3154\" height=\"584\" src=\"https:\/\/movart.org.pl\/wp-content\/uploads\/2018\/06\/20180613_polacy_lekcja_pasek.png\" class=\"attachment-full size-full\" alt=\"\" loading=\"lazy\" srcset=\"https:\/\/movart.org.pl\/wp-content\/uploads\/2018\/06\/20180613_polacy_lekcja_pasek.png 3154w, https:\/\/movart.org.pl\/wp-content\/uploads\/2018\/06\/20180613_polacy_lekcja_pasek-300x56.png 300w, https:\/\/movart.org.pl\/wp-content\/uploads\/2018\/06\/20180613_polacy_lekcja_pasek-768x142.png 768w, https:\/\/movart.org.pl\/wp-content\/uploads\/2018\/06\/20180613_polacy_lekcja_pasek-1024x190.png 1024w, https:\/\/movart.org.pl\/wp-content\/uploads\/2018\/06\/20180613_polacy_lekcja_pasek-604x112.png 604w\" sizes=\"(max-width: 3154px) 100vw, 3154px\" \/><\/a>\n\t\t\t<\/div><\/figure>\n\t\t<\/div>\n\n","protected":false},"excerpt":{"rendered":"<p>Fot. \u0141ukasz Lipi\u0144ski \u201eObywatele polscy w KL Auschwitz\u201d to tytu\u0142 projektu edukacyjnego, kt\u00f3rego g\u0142\u00f3wnym celem jest upowszechnienie w\u015br\u00f3d m\u0142odych Polak\u00f3w rzetelnej wiedzy dotycz\u0105cej historii i los\u00f3w obywateli II Rzeczpospolitej wi\u0119zionych i mordowanych w niemieckim nazistowskim obozie koncentracyjnym i zag\u0142ady Auschwitz. Oficjalna inauguracja projektu odby\u0142a si\u0119 13 czerwca w Sali Janusza Korczaka w PKiN w Warszawie. W spotkaniu wzi\u0105\u0142 udzia\u0142 m.in. wiceminister edukacji narodowej Maciej Kope\u0107. \u201eTematyka zwi\u0105zana z niemieckimi nazistowskimi obozami koncentracyjnymi i o\u015brodkami zag\u0142ady to nadal jeden z najwa\u017cniejszych&#8230;<\/p>\n<p class=\"read-more\"><a class=\"btn btn-default\" href=\"https:\/\/movart.org.pl\/?page_id=66\"> Read More<span class=\"screen-reader-text\">  Read More<\/span><\/a><\/p>\n","protected":false},"author":2,"featured_media":0,"parent":0,"menu_order":0,"comment_status":"closed","ping_status":"closed","template":"","meta":[],"_links":{"self":[{"href":"https:\/\/movart.org.pl\/index.php?rest_route=\/wp\/v2\/pages\/66"}],"collection":[{"href":"https:\/\/movart.org.pl\/index.php?rest_route=\/wp\/v2\/pages"}],"about":[{"href":"https:\/\/movart.org.pl\/index.php?rest_route=\/wp\/v2\/types\/page"}],"author":[{"embeddable":true,"href":"https:\/\/movart.org.pl\/index.php?rest_route=\/wp\/v2\/users\/2"}],"replies":[{"embeddable":true,"href":"https:\/\/movart.org.pl\/index.php?rest_route=%2Fwp%2Fv2%2Fcomments&post=66"}],"version-history":[{"count":15,"href":"https:\/\/movart.org.pl\/index.php?rest_route=\/wp\/v2\/pages\/66\/revisions"}],"predecessor-version":[{"id":465,"href":"https:\/\/movart.org.pl\/index.php?rest_route=\/wp\/v2\/pages\/66\/revisions\/465"}],"wp:attachment":[{"href":"https:\/\/movart.org.pl\/index.php?rest_route=%2Fwp%2Fv2%2Fmedia&parent=66"}],"curies":[{"name":"wp","href":"https:\/\/api.w.org\/{rel}","templated":true}]}}