{"id":59,"date":"2018-05-30T11:06:44","date_gmt":"2018-05-30T09:06:44","guid":{"rendered":"http:\/\/wiaraprawda.pl\/?page_id=59"},"modified":"2022-04-12T17:08:42","modified_gmt":"2022-04-12T15:08:42","slug":"polityka-prywatnosci","status":"publish","type":"page","link":"https:\/\/movart.org.pl\/?page_id=59","title":{"rendered":"Polityka prywatno\u015bci"},"content":{"rendered":"<h2>Kim jeste\u015bmy<\/h2>\n<p>Adres naszej strony internetowej to: http:\/\/movart.org.pl<\/p>\n<p><strong>Fundacja movart<br \/>\n<\/strong>ul. Raciborska 13\/31, 30-384 Krak\u00f3w<br \/>\nKRS 0000715576\u00a0 |\u00a0 NIP 6762544078\u00a0 |\u00a0 REGON 369334703<\/p>\n<h2>Jakie dane osobiste zbieramy i dlaczego je zbieramy<\/h2>\n<p>Zbieramy dane, kt\u00f3re nam udost\u0119pnisz tylko w celu nawi\u0105zania kontaktu na wyra\u017ane Twoje \u017cyczenie, je\u015bli do nas napiszesz za pomoc\u0105 poczty elektronicznej lub udost\u0119pnionych formularzy kontaktowych, czyli adres e-mail i Tw\u00f3j podpis, imi\u0119 i nazwisko oraz dane i informacje, kt\u00f3re dopiszesz do wiadomo\u015bci .<\/p>\n<h3>Komentarze<\/h3>\n<p>Kiedy odwiedzaj\u0105cy witryn\u0119 zostawia komentarz, zbieramy dane widoczne w formularzu komentowania, jak i adres IP odwiedzaj\u0105cego oraz podpis jego przegl\u0105darki jako pomoc przy wykrywaniu spamu.<\/p>\n<p>Zanonimizowany ci\u0105g znak\u00f3w stworzony na podstawie twojego adresu email (tak zwany hash) mo\u017ce zosta\u0107 przes\u0142any do us\u0142ugi Gravatar w celu sprawdzenia czy jej u\u017cywasz. Polityka prywatno\u015bci us\u0142ugi Gravatar jest dost\u0119pna tutaj: https:\/\/automattic.com\/privacy\/. Po zatwierdzeniu komentarza tw\u00f3j obrazek profilowy jest widoczny publicznie w kontek\u015bcie twojego komentarza.<\/p>\n<h3>Media<\/h3>\n<p>Je\u015bli jeste\u015b zarejestrowanym u\u017cytkownikiem i wgrywasz na witryn\u0119 obrazki, powiniene\u015b unika\u0107 przesy\u0142ania obrazk\u00f3w z tagami EXIF lokalizacji. Odwiedzaj\u0105cy stron\u0119 mog\u0105 pobra\u0107 i odczyta\u0107 pe\u0142ne dane lokalizacyjne z obrazk\u00f3w w witrynie.<\/p>\n<h3>Formularze kontaktowe<\/h3>\n<p>Informacje przes\u0142ane za ich po\u015brednictwem s\u0105 przez nas przechowywane na potrzeby dzia\u0142alno\u015bci statutowej Fundacji przez nieokre\u015blony czas, ale nie wykorzystujemy uzyskanych tak informacji w celach marketingowych.<\/p>\n<h3>Ciasteczka<\/h3>\n<p>Je\u015bli zostawisz na naszej witrynie komentarz, b\u0119dziesz m\u00f3g\u0142 wybra\u0107 opcj\u0119 zapisu twojej nazwy, adresu email i adresu strony internetowej w ciasteczkach, dzi\u0119ki kt\u00f3rym podczas pisania kolejnych komentarzy powy\u017csze informacje b\u0119d\u0105 ju\u017c dogodnie uzupe\u0142nione. Te ciasteczka wygasaj\u0105 po roku.<\/p>\n<p>Je\u015bli masz konto i zalogujesz si\u0119 na tej witrynie, utworzymy tymczasowe ciasteczko na potrzeby sprawdzenia czy twoja przegl\u0105darka akceptuje ciasteczka. To ciasteczko nie zawiera \u017cadnych danych osobistych i zostanie wyrzucone kiedy zamkniesz przegl\u0105dark\u0119.<\/p>\n<p>Podczas logowania tworzymy dodatkowo kilka ciasteczek potrzebnych do zapisu twoich informacji logowania oraz wybranych opcji ekranu. Ciasteczka logowania wygasaj\u0105 po dw\u00f3ch dniach, a opcji ekranu po roku. Je\u015bli zaznaczysz opcj\u0119 \u201ePami\u0119taj mnie\u201d, logowanie wyga\u015bnie po dw\u00f3ch tygodniach. Je\u015bli wylogujesz si\u0119 ze swojego konta, ciasteczka logowania zostan\u0105 usuni\u0119te.<\/p>\n<p>Je\u015bli zmodyfikujesz albo opublikujesz artyku\u0142, w twojej przegl\u0105darce zostanie zapisane dodatkowe ciasteczko. To ciasteczko nie zawiera \u017cadnych danych osobistych, wskazuj\u0105c po prostu na identyfikator przed chwil\u0105 edytowanego artyku\u0142u. Wygasa ono po 1 dniu.<\/p>\n<h3>Osadzone tre\u015bci z innych witryn<\/h3>\n<p>Artyku\u0142y na tej witrynie mog\u0105 zawiera\u0107 osadzone tre\u015bci (np. filmy, obrazki, artyku\u0142y itp.). Osadzone tre\u015bci z innych witryn zachowuj\u0105 si\u0119 analogicznie do tego, jakby u\u017cytkownik odwiedzi\u0142 bezpo\u015brednio konkretn\u0105 witryn\u0119.<\/p>\n<p>Te witryny mog\u0105 zbiera\u0107 informacj\u0119 o tobie, u\u017cywa\u0107 ciasteczek, do\u0142\u0105cza\u0107 dodatkowe, zewn\u0119trzne systemy \u015bledzenia i monitorowa\u0107 twoje interakcje z osadzonym materia\u0142em, w\u0142\u0105czaj\u0105c w to \u015bledzenie twoich interakcji z osadzonym materia\u0142em je\u015bli posiadasz konto i jeste\u015b zalogowany w tamtej witrynie.<\/p>\n<h2>Jak d\u0142ugo przechowujemy twoje dane<\/h2>\n<p>Je\u015bli zostawisz komentarz, jego tre\u015b\u0107 i metadane b\u0119d\u0105 przechowywane przez czas nieokre\u015blony. Dzi\u0119ki temu jeste\u015bmy w stanie rozpoznawa\u0107 i zatwierdza\u0107 kolejne komentarze automatycznie, bez wysy\u0142ania ich do ka\u017cdorazowej moderacji.<\/p>\n<p>Dla u\u017cytkownik\u00f3w kt\u00f3rzy zarejestrowali si\u0119 na naszej stronie internetowej (je\u015bli tacy s\u0105), przechowujemy r\u00f3wnie\u017c informacje osobiste wprowadzone w profilu. Ka\u017cdy u\u017cytkownik mo\u017ce dokona\u0107 wgl\u0105du, korekty albo skasowa\u0107 swoje informacje osobiste w dowolnej chwili (nie licz\u0105c nazwy u\u017cytkownika, kt\u00f3rej nie mo\u017cna zmieni\u0107). Administratorzy strony r\u00f3wnie\u017c mog\u0105 przegl\u0105da\u0107 i modyfikowa\u0107 te informacje.<\/p>\n<h2>Jakie masz prawa do swoich danych<\/h2>\n<p>Je\u015bli masz konto u\u017cytkownika albo doda\u0142e\u015b komentarze w tej witrynie, mo\u017cesz za\u017c\u0105da\u0107 dostarczenia pliku z wyeksportowanym kompletem twoich danych osobistych b\u0119d\u0105cych w naszym posiadaniu, w tym ca\u0142o\u015b\u0107 tych dostarczonych przez ciebie. Mo\u017cesz r\u00f3wnie\u017c za\u017c\u0105da\u0107 usuni\u0119cia przez nas ca\u0142o\u015bci twoich danych osobistych w naszym posiadaniu. Nie dotyczy to \u017cadnych danych kt\u00f3re jeste\u015bmy zobligowani zachowa\u0107 ze wzgl\u0119d\u00f3w administracyjnych, prawnych albo bezpiecze\u0144stwa.<\/p>\n<h2>Gdzie przesy\u0142amy dane<\/h2>\n<p>Komentarze go\u015bci mog\u0105 by\u0107 sprawdzane za pomoc\u0105 automatycznej us\u0142ugi wykrywania spamu.<\/p>\n<h2>Jak chronimy twoje dane?<\/h2>\n<p>Zapewniamy, \u017ce dok\u0142adamy wszelkich stara\u0144, aby zapewni\u0107 \u015brodki fizycznej, technicznej i organizacyjnej ochrony danych osobowych przed ich przypadkowym czy umy\u015blnym zniszczeniem, przypadkow\u0105 utrat\u0105, zmian\u0105, nieuprawnionym ujawnieniem, wykorzystaniem czy dost\u0119pem, zgodnie ze wszystkimi obowi\u0105zuj\u0105cymi przepisami.<\/p>\n<h2>Kontakt do Administratora<\/h2>\n<p><strong>Fundacja movart<br \/>\n<\/strong>ul. Raciborska 13\/31, 30-384 Krak\u00f3w<br \/>\ntel. 501 452 033<br \/>\nbiuro@movart.org.pl<br \/>\nKRS 0000715576\u00a0 |\u00a0 NIP 6762544078\u00a0 |\u00a0 REGON 369334703<\/p>\n","protected":false},"excerpt":{"rendered":"<p>Kim jeste\u015bmy Adres naszej strony internetowej to: http:\/\/movart.org.pl Fundacja movart ul. Raciborska 13\/31, 30-384 Krak\u00f3w KRS 0000715576\u00a0 |\u00a0 NIP 6762544078\u00a0 |\u00a0 REGON 369334703 Jakie dane osobiste zbieramy i dlaczego je zbieramy Zbieramy dane, kt\u00f3re nam udost\u0119pnisz tylko w celu nawi\u0105zania kontaktu na wyra\u017ane Twoje \u017cyczenie, je\u015bli do nas napiszesz za pomoc\u0105 poczty elektronicznej lub udost\u0119pnionych formularzy kontaktowych, czyli adres e-mail i Tw\u00f3j podpis, imi\u0119 i nazwisko oraz dane i informacje, kt\u00f3re dopiszesz do wiadomo\u015bci . Komentarze Kiedy odwiedzaj\u0105cy witryn\u0119 zostawia&#8230;<\/p>\n<p class=\"read-more\"><a class=\"btn btn-default\" href=\"https:\/\/movart.org.pl\/?page_id=59\"> Read More<span class=\"screen-reader-text\">  Read More<\/span><\/a><\/p>\n","protected":false},"author":2,"featured_media":0,"parent":0,"menu_order":0,"comment_status":"closed","ping_status":"closed","template":"","meta":[],"_links":{"self":[{"href":"https:\/\/movart.org.pl\/index.php?rest_route=\/wp\/v2\/pages\/59"}],"collection":[{"href":"https:\/\/movart.org.pl\/index.php?rest_route=\/wp\/v2\/pages"}],"about":[{"href":"https:\/\/movart.org.pl\/index.php?rest_route=\/wp\/v2\/types\/page"}],"author":[{"embeddable":true,"href":"https:\/\/movart.org.pl\/index.php?rest_route=\/wp\/v2\/users\/2"}],"replies":[{"embeddable":true,"href":"https:\/\/movart.org.pl\/index.php?rest_route=%2Fwp%2Fv2%2Fcomments&post=59"}],"version-history":[{"count":3,"href":"https:\/\/movart.org.pl\/index.php?rest_route=\/wp\/v2\/pages\/59\/revisions"}],"predecessor-version":[{"id":463,"href":"https:\/\/movart.org.pl\/index.php?rest_route=\/wp\/v2\/pages\/59\/revisions\/463"}],"wp:attachment":[{"href":"https:\/\/movart.org.pl\/index.php?rest_route=%2Fwp%2Fv2%2Fmedia&parent=59"}],"curies":[{"name":"wp","href":"https:\/\/api.w.org\/{rel}","templated":true}]}}