{"id":517,"date":"2024-06-12T15:27:10","date_gmt":"2024-06-12T13:27:10","guid":{"rendered":"https:\/\/wiaraprawda.pl\/?page_id=517"},"modified":"2024-08-26T19:12:13","modified_gmt":"2024-08-26T17:12:13","slug":"oswiecim-zapomniana-historia","status":"publish","type":"page","link":"https:\/\/movart.org.pl\/?page_id=517","title":{"rendered":"O\u015bwi\u0119cim. Zapomniana historia"},"content":{"rendered":"\n<p>To filmowa opowie\u015b\u0107, kt\u00f3ra przybli\u017ca histori\u0119 O\u015bwi\u0119cimia od strony dotychczas ma\u0142o znanej, a maj\u0105cej ogromne znaczenie dla poznania i zrozumienia to\u017csamo\u015bci tego s\u0142awnego przecie\u017c na ca\u0142y \u015bwiat miasta. O\u015bwi\u0119cim postrzegany jest powszechnie jako miejsce, gdzie powsta\u0142 i dzia\u0142a\u0142 KL Auschwitz. Tymczasem prawda o O\u015bwi\u0119cimiu jest bogatsza i pe\u0142na kszta\u0142tuj\u0105cych specyficzny klimat tego miejsca fascynuj\u0105cych fakt\u00f3w i ludzkich historii.<\/p>\n\n\n\n<p>Protagonist\u0105 filmu jest przedwojenny O\u015bwi\u0119cim, w kt\u00f3rym Polacy i \u017bydzi \u017cyli ze sob\u0105 w tw\u00f3rczej dla obydwu spo\u0142eczno\u015bci blisko\u015bci. Wprowadzaj\u0105cym we wsp\u00f3\u0142czesno\u015b\u0107 miasta bohaterem opowie\u015bci jest Szymon Kluger, zwany \u201eostatnim o\u015bwi\u0119cimskim \u017bydem\u201d. Kluger ocala\u0142 z Zag\u0142ady i w latach 60. powr\u00f3ci\u0142 w rodzinne strony. Nie dzieli\u0142 si\u0119 z nikim swoimi wspomnieniami i dramatycznymi do\u015bwiadczeniami, cho\u0107 darzy\u0142 zaufaniem kilku ze swoich polskich s\u0105siad\u00f3w, kt\u00f3rzy wspominaj\u0105 tego niezwyk\u0142ego cz\u0142owieka i dziel\u0105 si\u0119 z widzem swoimi do\u015bwiadczeniami w relacjach z Szymonem.<br>Uczniowie LO im. ks. Stanis\u0142awa Konarskiego poprowadz\u0105 narracj\u0119 filmu jako bohaterowie historycznych i wsp\u00f3\u0142czesnych opowie\u015bci. Liceum Konarskiego to dla lokalnej spo\u0142eczno\u015bci nie tylko po prostu szko\u0142a, ale te\u017c miejsce, w kt\u00f3rym kszta\u0142towa\u0142y si\u0119 \u017cyciowe postawy wielu pokole\u0144 mieszka\u0144c\u00f3w Ziemi O\u015bwi\u0119cimskiej .<br>Obraz filmowy wzbogacono niepublikowanymi dotychczas w takim wymiarze animowanymi materia\u0142ami archiwalnymi oraz specjalnie do tego filmu skomponowan\u0105 muzyk\u0105.<\/p>\n\n\n\n<p>Nasz film O\u015aWI\u0118CIM. ZAPOMNIANA HISTORIA zosta\u0142 nominowany do nagrody <strong>Per\u0142a Renesansu na 12. Zamojskim Festiwalu Filmowym \u201eSpotkania z histori\u0105\u201d 2024<\/strong>. 24 sierpnia 2024 r. w Zamo\u015bciu otrzyma\u0142 specjalne wyr\u00f3\u017cnienie.<\/p>\n\n\n\n<p>Produkcja<br>TVP S.A., Narodowe Centrum Kultury, Fundacja movart<\/p>\n\n\n\n<figure class=\"wp-block-gallery columns-3 is-cropped\"><ul class=\"blocks-gallery-grid\"><li class=\"blocks-gallery-item\"><figure><a href=\"http:\/\/wiaraprawda.pl\/wp-content\/uploads\/2024\/08\/Nasze-zdjecie-20240824_220336_001-rotated.jpg\"><img loading=\"lazy\" width=\"1458\" height=\"1944\" src=\"https:\/\/wiaraprawda.pl\/wp-content\/uploads\/2024\/08\/Nasze-zdjecie-20240824_220336_001-rotated.jpg\" alt=\"\" data-id=\"577\" data-full-url=\"http:\/\/wiaraprawda.pl\/wp-content\/uploads\/2024\/08\/Nasze-zdjecie-20240824_220336_001-rotated.jpg\" data-link=\"https:\/\/wiaraprawda.pl\/?attachment_id=577\" class=\"wp-image-577\" srcset=\"https:\/\/movart.org.pl\/wp-content\/uploads\/2024\/08\/Nasze-zdjecie-20240824_220336_001-rotated.jpg 1458w, https:\/\/movart.org.pl\/wp-content\/uploads\/2024\/08\/Nasze-zdjecie-20240824_220336_001-225x300.jpg 225w, https:\/\/movart.org.pl\/wp-content\/uploads\/2024\/08\/Nasze-zdjecie-20240824_220336_001-768x1024.jpg 768w, https:\/\/movart.org.pl\/wp-content\/uploads\/2024\/08\/Nasze-zdjecie-20240824_220336_001-1152x1536.jpg 1152w, https:\/\/movart.org.pl\/wp-content\/uploads\/2024\/08\/Nasze-zdjecie-20240824_220336_001-203x270.jpg 203w\" sizes=\"(max-width: 1458px) 100vw, 1458px\" \/><\/a><\/figure><\/li><li class=\"blocks-gallery-item\"><figure><a href=\"http:\/\/wiaraprawda.pl\/wp-content\/uploads\/2024\/08\/FESTIWAL-FILMOWY-40.jpg\"><img loading=\"lazy\" width=\"1000\" height=\"667\" src=\"http:\/\/wiaraprawda.pl\/wp-content\/uploads\/2024\/08\/FESTIWAL-FILMOWY-40.jpg\" alt=\"\" data-id=\"576\" data-full-url=\"http:\/\/wiaraprawda.pl\/wp-content\/uploads\/2024\/08\/FESTIWAL-FILMOWY-40.jpg\" data-link=\"https:\/\/wiaraprawda.pl\/?attachment_id=576\" class=\"wp-image-576\" srcset=\"https:\/\/movart.org.pl\/wp-content\/uploads\/2024\/08\/FESTIWAL-FILMOWY-40.jpg 1000w, https:\/\/movart.org.pl\/wp-content\/uploads\/2024\/08\/FESTIWAL-FILMOWY-40-300x200.jpg 300w, https:\/\/movart.org.pl\/wp-content\/uploads\/2024\/08\/FESTIWAL-FILMOWY-40-768x512.jpg 768w, https:\/\/movart.org.pl\/wp-content\/uploads\/2024\/08\/FESTIWAL-FILMOWY-40-405x270.jpg 405w\" sizes=\"(max-width: 1000px) 100vw, 1000px\" \/><\/a><\/figure><\/li><li class=\"blocks-gallery-item\"><figure><a href=\"http:\/\/wiaraprawda.pl\/wp-content\/uploads\/2024\/08\/FESTIWAL-FILMOWY-41.jpg\"><img loading=\"lazy\" width=\"1000\" height=\"667\" src=\"http:\/\/wiaraprawda.pl\/wp-content\/uploads\/2024\/08\/FESTIWAL-FILMOWY-41.jpg\" alt=\"\" data-id=\"575\" data-full-url=\"http:\/\/wiaraprawda.pl\/wp-content\/uploads\/2024\/08\/FESTIWAL-FILMOWY-41.jpg\" data-link=\"https:\/\/wiaraprawda.pl\/?attachment_id=575\" class=\"wp-image-575\" srcset=\"https:\/\/movart.org.pl\/wp-content\/uploads\/2024\/08\/FESTIWAL-FILMOWY-41.jpg 1000w, https:\/\/movart.org.pl\/wp-content\/uploads\/2024\/08\/FESTIWAL-FILMOWY-41-300x200.jpg 300w, https:\/\/movart.org.pl\/wp-content\/uploads\/2024\/08\/FESTIWAL-FILMOWY-41-768x512.jpg 768w, https:\/\/movart.org.pl\/wp-content\/uploads\/2024\/08\/FESTIWAL-FILMOWY-41-405x270.jpg 405w\" sizes=\"(max-width: 1000px) 100vw, 1000px\" \/><\/a><\/figure><\/li><\/ul><\/figure>\n\n\n\n<div class=\"wp-block-columns\">\n<div class=\"wp-block-column\" style=\"flex-basis:100%\">\n<div class=\"wp-block-group\"><div class=\"wp-block-group__inner-container\">\n<p><\/p>\n<\/div><\/div>\n<\/div>\n<\/div>\n\n\n\n<figure class=\"wp-block-embed is-type-video is-provider-youtube wp-block-embed-youtube wp-embed-aspect-16-9 wp-has-aspect-ratio\"><div class=\"wp-block-embed__wrapper\">\n<iframe loading=\"lazy\" title=\"O\u015bwi\u0119cim. Zapomniana historia - zwiastun\" width=\"640\" height=\"360\" src=\"https:\/\/www.youtube.com\/embed\/ObMHHc9vMPw?feature=oembed\" frameborder=\"0\" allow=\"accelerometer; autoplay; clipboard-write; encrypted-media; gyroscope; picture-in-picture; web-share\" referrerpolicy=\"strict-origin-when-cross-origin\" allowfullscreen><\/iframe>\n<\/div><\/figure>\n\n\n\n<figure class=\"wp-block-gallery columns-3 is-cropped\"><ul class=\"blocks-gallery-grid\"><li class=\"blocks-gallery-item\"><figure><a href=\"http:\/\/wiaraprawda.pl\/wp-content\/uploads\/2024\/06\/Oswiecim_grafika_08-scaled.jpg\"><img loading=\"lazy\" width=\"1024\" height=\"576\" src=\"http:\/\/wiaraprawda.pl\/wp-content\/uploads\/2024\/06\/Oswiecim_grafika_08-1024x576.jpg\" alt=\"\" data-id=\"530\" data-full-url=\"http:\/\/wiaraprawda.pl\/wp-content\/uploads\/2024\/06\/Oswiecim_grafika_08-scaled.jpg\" data-link=\"https:\/\/wiaraprawda.pl\/?attachment_id=530\" class=\"wp-image-530\" srcset=\"https:\/\/movart.org.pl\/wp-content\/uploads\/2024\/06\/Oswiecim_grafika_08-1024x576.jpg 1024w, https:\/\/movart.org.pl\/wp-content\/uploads\/2024\/06\/Oswiecim_grafika_08-300x169.jpg 300w, https:\/\/movart.org.pl\/wp-content\/uploads\/2024\/06\/Oswiecim_grafika_08-768x432.jpg 768w, https:\/\/movart.org.pl\/wp-content\/uploads\/2024\/06\/Oswiecim_grafika_08-1536x864.jpg 1536w, https:\/\/movart.org.pl\/wp-content\/uploads\/2024\/06\/Oswiecim_grafika_08-2048x1152.jpg 2048w, https:\/\/movart.org.pl\/wp-content\/uploads\/2024\/06\/Oswiecim_grafika_08-480x270.jpg 480w\" sizes=\"(max-width: 1024px) 100vw, 1024px\" \/><\/a><\/figure><\/li><li class=\"blocks-gallery-item\"><figure><a href=\"http:\/\/wiaraprawda.pl\/wp-content\/uploads\/2024\/06\/Oswiecim_grafika_09-scaled.jpg\"><img loading=\"lazy\" width=\"1024\" height=\"576\" src=\"http:\/\/wiaraprawda.pl\/wp-content\/uploads\/2024\/06\/Oswiecim_grafika_09-1024x576.jpg\" alt=\"\" data-id=\"529\" data-full-url=\"http:\/\/wiaraprawda.pl\/wp-content\/uploads\/2024\/06\/Oswiecim_grafika_09-scaled.jpg\" data-link=\"https:\/\/wiaraprawda.pl\/?attachment_id=529\" class=\"wp-image-529\" srcset=\"https:\/\/movart.org.pl\/wp-content\/uploads\/2024\/06\/Oswiecim_grafika_09-1024x576.jpg 1024w, https:\/\/movart.org.pl\/wp-content\/uploads\/2024\/06\/Oswiecim_grafika_09-300x169.jpg 300w, https:\/\/movart.org.pl\/wp-content\/uploads\/2024\/06\/Oswiecim_grafika_09-768x432.jpg 768w, https:\/\/movart.org.pl\/wp-content\/uploads\/2024\/06\/Oswiecim_grafika_09-1536x864.jpg 1536w, https:\/\/movart.org.pl\/wp-content\/uploads\/2024\/06\/Oswiecim_grafika_09-2048x1152.jpg 2048w, https:\/\/movart.org.pl\/wp-content\/uploads\/2024\/06\/Oswiecim_grafika_09-480x270.jpg 480w\" sizes=\"(max-width: 1024px) 100vw, 1024px\" \/><\/a><\/figure><\/li><li class=\"blocks-gallery-item\"><figure><a href=\"http:\/\/wiaraprawda.pl\/wp-content\/uploads\/2024\/06\/Oswiecim_grafika_10-scaled.jpg\"><img loading=\"lazy\" width=\"1024\" height=\"576\" src=\"http:\/\/wiaraprawda.pl\/wp-content\/uploads\/2024\/06\/Oswiecim_grafika_10-1024x576.jpg\" alt=\"\" data-id=\"528\" data-full-url=\"http:\/\/wiaraprawda.pl\/wp-content\/uploads\/2024\/06\/Oswiecim_grafika_10-scaled.jpg\" data-link=\"https:\/\/wiaraprawda.pl\/?attachment_id=528\" class=\"wp-image-528\" srcset=\"https:\/\/movart.org.pl\/wp-content\/uploads\/2024\/06\/Oswiecim_grafika_10-1024x576.jpg 1024w, https:\/\/movart.org.pl\/wp-content\/uploads\/2024\/06\/Oswiecim_grafika_10-300x169.jpg 300w, https:\/\/movart.org.pl\/wp-content\/uploads\/2024\/06\/Oswiecim_grafika_10-768x432.jpg 768w, https:\/\/movart.org.pl\/wp-content\/uploads\/2024\/06\/Oswiecim_grafika_10-1536x864.jpg 1536w, https:\/\/movart.org.pl\/wp-content\/uploads\/2024\/06\/Oswiecim_grafika_10-2048x1152.jpg 2048w, https:\/\/movart.org.pl\/wp-content\/uploads\/2024\/06\/Oswiecim_grafika_10-480x270.jpg 480w\" sizes=\"(max-width: 1024px) 100vw, 1024px\" \/><\/a><\/figure><\/li><li class=\"blocks-gallery-item\"><figure><a href=\"http:\/\/wiaraprawda.pl\/wp-content\/uploads\/2024\/06\/Oswiecim_grafika_11-scaled.jpg\"><img loading=\"lazy\" width=\"1024\" height=\"576\" src=\"http:\/\/wiaraprawda.pl\/wp-content\/uploads\/2024\/06\/Oswiecim_grafika_11-1024x576.jpg\" alt=\"\" data-id=\"527\" data-full-url=\"http:\/\/wiaraprawda.pl\/wp-content\/uploads\/2024\/06\/Oswiecim_grafika_11-scaled.jpg\" data-link=\"https:\/\/wiaraprawda.pl\/?attachment_id=527\" class=\"wp-image-527\" srcset=\"https:\/\/movart.org.pl\/wp-content\/uploads\/2024\/06\/Oswiecim_grafika_11-1024x576.jpg 1024w, https:\/\/movart.org.pl\/wp-content\/uploads\/2024\/06\/Oswiecim_grafika_11-300x169.jpg 300w, https:\/\/movart.org.pl\/wp-content\/uploads\/2024\/06\/Oswiecim_grafika_11-768x432.jpg 768w, https:\/\/movart.org.pl\/wp-content\/uploads\/2024\/06\/Oswiecim_grafika_11-1536x864.jpg 1536w, https:\/\/movart.org.pl\/wp-content\/uploads\/2024\/06\/Oswiecim_grafika_11-2048x1152.jpg 2048w, https:\/\/movart.org.pl\/wp-content\/uploads\/2024\/06\/Oswiecim_grafika_11-480x270.jpg 480w\" sizes=\"(max-width: 1024px) 100vw, 1024px\" \/><\/a><\/figure><\/li><li class=\"blocks-gallery-item\"><figure><a href=\"http:\/\/wiaraprawda.pl\/wp-content\/uploads\/2024\/06\/Oswiecim_grafika_12-scaled.jpg\"><img loading=\"lazy\" width=\"1024\" height=\"576\" src=\"http:\/\/wiaraprawda.pl\/wp-content\/uploads\/2024\/06\/Oswiecim_grafika_12-1024x576.jpg\" alt=\"\" data-id=\"526\" data-full-url=\"http:\/\/wiaraprawda.pl\/wp-content\/uploads\/2024\/06\/Oswiecim_grafika_12-scaled.jpg\" data-link=\"https:\/\/wiaraprawda.pl\/?attachment_id=526\" class=\"wp-image-526\" srcset=\"https:\/\/movart.org.pl\/wp-content\/uploads\/2024\/06\/Oswiecim_grafika_12-1024x576.jpg 1024w, https:\/\/movart.org.pl\/wp-content\/uploads\/2024\/06\/Oswiecim_grafika_12-300x169.jpg 300w, https:\/\/movart.org.pl\/wp-content\/uploads\/2024\/06\/Oswiecim_grafika_12-768x432.jpg 768w, https:\/\/movart.org.pl\/wp-content\/uploads\/2024\/06\/Oswiecim_grafika_12-1536x864.jpg 1536w, https:\/\/movart.org.pl\/wp-content\/uploads\/2024\/06\/Oswiecim_grafika_12-2048x1152.jpg 2048w, https:\/\/movart.org.pl\/wp-content\/uploads\/2024\/06\/Oswiecim_grafika_12-480x270.jpg 480w\" sizes=\"(max-width: 1024px) 100vw, 1024px\" \/><\/a><\/figure><\/li><li class=\"blocks-gallery-item\"><figure><a href=\"http:\/\/wiaraprawda.pl\/wp-content\/uploads\/2024\/06\/Oswiecim_grafika_13-scaled.jpg\"><img loading=\"lazy\" width=\"1024\" height=\"576\" src=\"http:\/\/wiaraprawda.pl\/wp-content\/uploads\/2024\/06\/Oswiecim_grafika_13-1024x576.jpg\" alt=\"\" data-id=\"525\" data-full-url=\"http:\/\/wiaraprawda.pl\/wp-content\/uploads\/2024\/06\/Oswiecim_grafika_13-scaled.jpg\" data-link=\"https:\/\/wiaraprawda.pl\/?attachment_id=525\" class=\"wp-image-525\" srcset=\"https:\/\/movart.org.pl\/wp-content\/uploads\/2024\/06\/Oswiecim_grafika_13-1024x576.jpg 1024w, https:\/\/movart.org.pl\/wp-content\/uploads\/2024\/06\/Oswiecim_grafika_13-300x169.jpg 300w, https:\/\/movart.org.pl\/wp-content\/uploads\/2024\/06\/Oswiecim_grafika_13-768x432.jpg 768w, https:\/\/movart.org.pl\/wp-content\/uploads\/2024\/06\/Oswiecim_grafika_13-1536x864.jpg 1536w, https:\/\/movart.org.pl\/wp-content\/uploads\/2024\/06\/Oswiecim_grafika_13-2048x1152.jpg 2048w, https:\/\/movart.org.pl\/wp-content\/uploads\/2024\/06\/Oswiecim_grafika_13-480x270.jpg 480w\" sizes=\"(max-width: 1024px) 100vw, 1024px\" \/><\/a><\/figure><\/li><li class=\"blocks-gallery-item\"><figure><a href=\"http:\/\/wiaraprawda.pl\/wp-content\/uploads\/2024\/06\/Oswiecim_grafika_14-scaled.jpg\"><img loading=\"lazy\" width=\"1024\" height=\"576\" src=\"http:\/\/wiaraprawda.pl\/wp-content\/uploads\/2024\/06\/Oswiecim_grafika_14-1024x576.jpg\" alt=\"\" data-id=\"524\" data-full-url=\"http:\/\/wiaraprawda.pl\/wp-content\/uploads\/2024\/06\/Oswiecim_grafika_14-scaled.jpg\" data-link=\"https:\/\/wiaraprawda.pl\/?attachment_id=524\" class=\"wp-image-524\" srcset=\"https:\/\/movart.org.pl\/wp-content\/uploads\/2024\/06\/Oswiecim_grafika_14-1024x576.jpg 1024w, https:\/\/movart.org.pl\/wp-content\/uploads\/2024\/06\/Oswiecim_grafika_14-300x169.jpg 300w, https:\/\/movart.org.pl\/wp-content\/uploads\/2024\/06\/Oswiecim_grafika_14-768x432.jpg 768w, https:\/\/movart.org.pl\/wp-content\/uploads\/2024\/06\/Oswiecim_grafika_14-1536x864.jpg 1536w, https:\/\/movart.org.pl\/wp-content\/uploads\/2024\/06\/Oswiecim_grafika_14-2048x1152.jpg 2048w, https:\/\/movart.org.pl\/wp-content\/uploads\/2024\/06\/Oswiecim_grafika_14-480x270.jpg 480w\" sizes=\"(max-width: 1024px) 100vw, 1024px\" \/><\/a><\/figure><\/li><li class=\"blocks-gallery-item\"><figure><a href=\"http:\/\/wiaraprawda.pl\/wp-content\/uploads\/2024\/06\/Oswiecim_grafika_15-scaled.jpg\"><img loading=\"lazy\" width=\"1024\" height=\"576\" src=\"http:\/\/wiaraprawda.pl\/wp-content\/uploads\/2024\/06\/Oswiecim_grafika_15-1024x576.jpg\" alt=\"\" data-id=\"523\" data-full-url=\"http:\/\/wiaraprawda.pl\/wp-content\/uploads\/2024\/06\/Oswiecim_grafika_15-scaled.jpg\" data-link=\"https:\/\/wiaraprawda.pl\/?attachment_id=523\" class=\"wp-image-523\" srcset=\"https:\/\/movart.org.pl\/wp-content\/uploads\/2024\/06\/Oswiecim_grafika_15-1024x576.jpg 1024w, https:\/\/movart.org.pl\/wp-content\/uploads\/2024\/06\/Oswiecim_grafika_15-300x169.jpg 300w, https:\/\/movart.org.pl\/wp-content\/uploads\/2024\/06\/Oswiecim_grafika_15-768x432.jpg 768w, https:\/\/movart.org.pl\/wp-content\/uploads\/2024\/06\/Oswiecim_grafika_15-1536x864.jpg 1536w, https:\/\/movart.org.pl\/wp-content\/uploads\/2024\/06\/Oswiecim_grafika_15-2048x1152.jpg 2048w, https:\/\/movart.org.pl\/wp-content\/uploads\/2024\/06\/Oswiecim_grafika_15-480x270.jpg 480w\" sizes=\"(max-width: 1024px) 100vw, 1024px\" \/><\/a><\/figure><\/li><li class=\"blocks-gallery-item\"><figure><a href=\"http:\/\/wiaraprawda.pl\/wp-content\/uploads\/2024\/06\/Oswiecim_grafika_03-scaled.jpg\"><img loading=\"lazy\" width=\"1024\" height=\"576\" src=\"http:\/\/wiaraprawda.pl\/wp-content\/uploads\/2024\/06\/Oswiecim_grafika_03-1024x576.jpg\" alt=\"\" data-id=\"522\" data-full-url=\"http:\/\/wiaraprawda.pl\/wp-content\/uploads\/2024\/06\/Oswiecim_grafika_03-scaled.jpg\" data-link=\"https:\/\/wiaraprawda.pl\/?attachment_id=522\" class=\"wp-image-522\" srcset=\"https:\/\/movart.org.pl\/wp-content\/uploads\/2024\/06\/Oswiecim_grafika_03-1024x576.jpg 1024w, https:\/\/movart.org.pl\/wp-content\/uploads\/2024\/06\/Oswiecim_grafika_03-300x169.jpg 300w, https:\/\/movart.org.pl\/wp-content\/uploads\/2024\/06\/Oswiecim_grafika_03-768x432.jpg 768w, https:\/\/movart.org.pl\/wp-content\/uploads\/2024\/06\/Oswiecim_grafika_03-1536x864.jpg 1536w, https:\/\/movart.org.pl\/wp-content\/uploads\/2024\/06\/Oswiecim_grafika_03-2048x1152.jpg 2048w, https:\/\/movart.org.pl\/wp-content\/uploads\/2024\/06\/Oswiecim_grafika_03-480x270.jpg 480w\" sizes=\"(max-width: 1024px) 100vw, 1024px\" \/><\/a><\/figure><\/li><li class=\"blocks-gallery-item\"><figure><a href=\"http:\/\/wiaraprawda.pl\/wp-content\/uploads\/2024\/06\/Oswiecim_grafika_04-scaled.jpg\"><img loading=\"lazy\" width=\"1024\" height=\"576\" src=\"http:\/\/wiaraprawda.pl\/wp-content\/uploads\/2024\/06\/Oswiecim_grafika_04-1024x576.jpg\" alt=\"\" data-id=\"521\" data-full-url=\"http:\/\/wiaraprawda.pl\/wp-content\/uploads\/2024\/06\/Oswiecim_grafika_04-scaled.jpg\" data-link=\"https:\/\/wiaraprawda.pl\/?attachment_id=521\" class=\"wp-image-521\" srcset=\"https:\/\/movart.org.pl\/wp-content\/uploads\/2024\/06\/Oswiecim_grafika_04-1024x576.jpg 1024w, https:\/\/movart.org.pl\/wp-content\/uploads\/2024\/06\/Oswiecim_grafika_04-300x169.jpg 300w, https:\/\/movart.org.pl\/wp-content\/uploads\/2024\/06\/Oswiecim_grafika_04-768x432.jpg 768w, https:\/\/movart.org.pl\/wp-content\/uploads\/2024\/06\/Oswiecim_grafika_04-1536x864.jpg 1536w, https:\/\/movart.org.pl\/wp-content\/uploads\/2024\/06\/Oswiecim_grafika_04-2048x1152.jpg 2048w, https:\/\/movart.org.pl\/wp-content\/uploads\/2024\/06\/Oswiecim_grafika_04-480x270.jpg 480w\" sizes=\"(max-width: 1024px) 100vw, 1024px\" \/><\/a><\/figure><\/li><li class=\"blocks-gallery-item\"><figure><a href=\"http:\/\/wiaraprawda.pl\/wp-content\/uploads\/2024\/06\/Oswiecim_grafika_05-scaled.jpg\"><img loading=\"lazy\" width=\"1024\" height=\"576\" src=\"http:\/\/wiaraprawda.pl\/wp-content\/uploads\/2024\/06\/Oswiecim_grafika_05-1024x576.jpg\" alt=\"\" data-id=\"520\" data-full-url=\"http:\/\/wiaraprawda.pl\/wp-content\/uploads\/2024\/06\/Oswiecim_grafika_05-scaled.jpg\" data-link=\"https:\/\/wiaraprawda.pl\/?attachment_id=520\" class=\"wp-image-520\" srcset=\"https:\/\/movart.org.pl\/wp-content\/uploads\/2024\/06\/Oswiecim_grafika_05-1024x576.jpg 1024w, https:\/\/movart.org.pl\/wp-content\/uploads\/2024\/06\/Oswiecim_grafika_05-300x169.jpg 300w, https:\/\/movart.org.pl\/wp-content\/uploads\/2024\/06\/Oswiecim_grafika_05-768x432.jpg 768w, https:\/\/movart.org.pl\/wp-content\/uploads\/2024\/06\/Oswiecim_grafika_05-1536x864.jpg 1536w, https:\/\/movart.org.pl\/wp-content\/uploads\/2024\/06\/Oswiecim_grafika_05-2048x1152.jpg 2048w, https:\/\/movart.org.pl\/wp-content\/uploads\/2024\/06\/Oswiecim_grafika_05-480x270.jpg 480w\" sizes=\"(max-width: 1024px) 100vw, 1024px\" \/><\/a><\/figure><\/li><li class=\"blocks-gallery-item\"><figure><a href=\"http:\/\/wiaraprawda.pl\/wp-content\/uploads\/2024\/06\/Oswiecim_grafika_06-scaled.jpg\"><img loading=\"lazy\" width=\"1024\" height=\"576\" src=\"http:\/\/wiaraprawda.pl\/wp-content\/uploads\/2024\/06\/Oswiecim_grafika_06-1024x576.jpg\" alt=\"\" data-id=\"519\" data-full-url=\"http:\/\/wiaraprawda.pl\/wp-content\/uploads\/2024\/06\/Oswiecim_grafika_06-scaled.jpg\" data-link=\"https:\/\/wiaraprawda.pl\/?attachment_id=519\" class=\"wp-image-519\" srcset=\"https:\/\/movart.org.pl\/wp-content\/uploads\/2024\/06\/Oswiecim_grafika_06-1024x576.jpg 1024w, https:\/\/movart.org.pl\/wp-content\/uploads\/2024\/06\/Oswiecim_grafika_06-300x169.jpg 300w, https:\/\/movart.org.pl\/wp-content\/uploads\/2024\/06\/Oswiecim_grafika_06-768x432.jpg 768w, https:\/\/movart.org.pl\/wp-content\/uploads\/2024\/06\/Oswiecim_grafika_06-1536x864.jpg 1536w, https:\/\/movart.org.pl\/wp-content\/uploads\/2024\/06\/Oswiecim_grafika_06-2048x1152.jpg 2048w, https:\/\/movart.org.pl\/wp-content\/uploads\/2024\/06\/Oswiecim_grafika_06-480x270.jpg 480w\" sizes=\"(max-width: 1024px) 100vw, 1024px\" \/><\/a><\/figure><\/li><li class=\"blocks-gallery-item\"><figure><a href=\"http:\/\/wiaraprawda.pl\/wp-content\/uploads\/2024\/06\/Oswiecim_grafika_07-scaled.jpg\"><img loading=\"lazy\" width=\"1024\" height=\"576\" src=\"http:\/\/wiaraprawda.pl\/wp-content\/uploads\/2024\/06\/Oswiecim_grafika_07-1024x576.jpg\" alt=\"\" data-id=\"518\" data-full-url=\"http:\/\/wiaraprawda.pl\/wp-content\/uploads\/2024\/06\/Oswiecim_grafika_07-scaled.jpg\" data-link=\"https:\/\/wiaraprawda.pl\/?attachment_id=518\" class=\"wp-image-518\" srcset=\"https:\/\/movart.org.pl\/wp-content\/uploads\/2024\/06\/Oswiecim_grafika_07-1024x576.jpg 1024w, https:\/\/movart.org.pl\/wp-content\/uploads\/2024\/06\/Oswiecim_grafika_07-300x169.jpg 300w, https:\/\/movart.org.pl\/wp-content\/uploads\/2024\/06\/Oswiecim_grafika_07-768x432.jpg 768w, https:\/\/movart.org.pl\/wp-content\/uploads\/2024\/06\/Oswiecim_grafika_07-1536x864.jpg 1536w, https:\/\/movart.org.pl\/wp-content\/uploads\/2024\/06\/Oswiecim_grafika_07-2048x1152.jpg 2048w, https:\/\/movart.org.pl\/wp-content\/uploads\/2024\/06\/Oswiecim_grafika_07-480x270.jpg 480w\" sizes=\"(max-width: 1024px) 100vw, 1024px\" \/><\/a><\/figure><\/li><\/ul><\/figure>\n\n\n\n<p><\/p>\n","protected":false},"excerpt":{"rendered":"<p>To filmowa opowie\u015b\u0107, kt\u00f3ra przybli\u017ca histori\u0119 O\u015bwi\u0119cimia od strony dotychczas ma\u0142o znanej, a maj\u0105cej ogromne znaczenie dla poznania i zrozumienia to\u017csamo\u015bci tego s\u0142awnego przecie\u017c na ca\u0142y \u015bwiat miasta. O\u015bwi\u0119cim postrzegany jest powszechnie jako miejsce, gdzie powsta\u0142 i dzia\u0142a\u0142 KL Auschwitz. Tymczasem prawda o O\u015bwi\u0119cimiu jest bogatsza i pe\u0142na kszta\u0142tuj\u0105cych specyficzny klimat tego miejsca fascynuj\u0105cych fakt\u00f3w i ludzkich historii. Protagonist\u0105 filmu jest przedwojenny O\u015bwi\u0119cim, w kt\u00f3rym Polacy i \u017bydzi \u017cyli ze sob\u0105 w tw\u00f3rczej dla obydwu spo\u0142eczno\u015bci blisko\u015bci. Wprowadzaj\u0105cym we wsp\u00f3\u0142czesno\u015b\u0107&#8230;<\/p>\n<p class=\"read-more\"><a class=\"btn btn-default\" href=\"https:\/\/movart.org.pl\/?page_id=517\"> Read More<span class=\"screen-reader-text\">  Read More<\/span><\/a><\/p>\n","protected":false},"author":2,"featured_media":0,"parent":0,"menu_order":0,"comment_status":"closed","ping_status":"closed","template":"","meta":[],"_links":{"self":[{"href":"https:\/\/movart.org.pl\/index.php?rest_route=\/wp\/v2\/pages\/517"}],"collection":[{"href":"https:\/\/movart.org.pl\/index.php?rest_route=\/wp\/v2\/pages"}],"about":[{"href":"https:\/\/movart.org.pl\/index.php?rest_route=\/wp\/v2\/types\/page"}],"author":[{"embeddable":true,"href":"https:\/\/movart.org.pl\/index.php?rest_route=\/wp\/v2\/users\/2"}],"replies":[{"embeddable":true,"href":"https:\/\/movart.org.pl\/index.php?rest_route=%2Fwp%2Fv2%2Fcomments&post=517"}],"version-history":[{"count":13,"href":"https:\/\/movart.org.pl\/index.php?rest_route=\/wp\/v2\/pages\/517\/revisions"}],"predecessor-version":[{"id":593,"href":"https:\/\/movart.org.pl\/index.php?rest_route=\/wp\/v2\/pages\/517\/revisions\/593"}],"wp:attachment":[{"href":"https:\/\/movart.org.pl\/index.php?rest_route=%2Fwp%2Fv2%2Fmedia&parent=517"}],"curies":[{"name":"wp","href":"https:\/\/api.w.org\/{rel}","templated":true}]}}