{"id":508,"date":"2024-06-12T15:11:10","date_gmt":"2024-06-12T13:11:10","guid":{"rendered":"https:\/\/wiaraprawda.pl\/?page_id=508"},"modified":"2024-06-12T15:17:23","modified_gmt":"2024-06-12T13:17:23","slug":"508-2","status":"publish","type":"page","link":"https:\/\/movart.org.pl\/?page_id=508","title":{"rendered":"Rodzina na stra\u017cy"},"content":{"rendered":"\n<h2>Rodzina na stra\u017cy<\/h2>\n\n\n\n<p>Film opowiada o wsp\u00f3\u0142czesnych rodzinach stra\u017cacki, kt\u00f3re z zaanga\u017cowaniem przez kolejne pokolenia s\u0142u\u017c\u0105 swojej spo\u0142eczno\u015bci w Ochotniczej Stra\u017cy Po\u017carnej oraz w Grupie Poszukiwawczo-Ratowniczej w K\u0119tach. B\u0119dziemy towarzyszy\u0107 naszym bohaterom w ich codziennym \u017cyciu, ale tak\u017ce wraz z nimi we\u017amiemy udzia\u0142 w wa\u017cnych dla nich akcjach ratowniczych.<\/p>\n\n\n\n<p>Film powsta\u0142 w ramach programu FILMOTEKA MA\u0141OPOLSKA realizowanego przez Ma\u0142opolskie Centrum Kultury SOK\u00d3\u0141 w Nowym S\u0105czu i finansowanego z bud\u017cetu Wojew\u00f3dztwa Ma\u0142opolskiego.<\/p>\n\n\n\n<figure class=\"wp-block-embed is-type-video is-provider-youtube wp-block-embed-youtube wp-embed-aspect-16-9 wp-has-aspect-ratio\"><div class=\"wp-block-embed__wrapper\">\n<iframe loading=\"lazy\" title=\"Rodzina na stra\u017cy - trailer\" width=\"640\" height=\"360\" src=\"https:\/\/www.youtube.com\/embed\/uHhFRgAe1HI?feature=oembed\" frameborder=\"0\" allow=\"accelerometer; autoplay; clipboard-write; encrypted-media; gyroscope; picture-in-picture; web-share\" referrerpolicy=\"strict-origin-when-cross-origin\" allowfullscreen><\/iframe>\n<\/div><\/figure>\n\n\n\n<figure class=\"wp-block-image size-large\"><img loading=\"lazy\" width=\"1024\" height=\"576\" src=\"http:\/\/wiaraprawda.pl\/wp-content\/uploads\/2024\/06\/filmoteka-plansza-FILM1-1024x576.png\" alt=\"\" class=\"wp-image-513\" srcset=\"https:\/\/movart.org.pl\/wp-content\/uploads\/2024\/06\/filmoteka-plansza-FILM1-1024x576.png 1024w, https:\/\/movart.org.pl\/wp-content\/uploads\/2024\/06\/filmoteka-plansza-FILM1-300x169.png 300w, https:\/\/movart.org.pl\/wp-content\/uploads\/2024\/06\/filmoteka-plansza-FILM1-768x432.png 768w, https:\/\/movart.org.pl\/wp-content\/uploads\/2024\/06\/filmoteka-plansza-FILM1-1536x864.png 1536w, https:\/\/movart.org.pl\/wp-content\/uploads\/2024\/06\/filmoteka-plansza-FILM1-480x270.png 480w, https:\/\/movart.org.pl\/wp-content\/uploads\/2024\/06\/filmoteka-plansza-FILM1.png 1920w\" sizes=\"(max-width: 1024px) 100vw, 1024px\" \/><\/figure>\n\n\n\n<p><\/p>\n","protected":false},"excerpt":{"rendered":"<p>Rodzina na stra\u017cy Film opowiada o wsp\u00f3\u0142czesnych rodzinach stra\u017cacki, kt\u00f3re z zaanga\u017cowaniem przez kolejne pokolenia s\u0142u\u017c\u0105 swojej spo\u0142eczno\u015bci w Ochotniczej Stra\u017cy Po\u017carnej oraz w Grupie Poszukiwawczo-Ratowniczej w K\u0119tach. B\u0119dziemy towarzyszy\u0107 naszym bohaterom w ich codziennym \u017cyciu, ale tak\u017ce wraz z nimi we\u017amiemy udzia\u0142 w wa\u017cnych dla nich akcjach ratowniczych. Film powsta\u0142 w ramach programu FILMOTEKA MA\u0141OPOLSKA realizowanego przez Ma\u0142opolskie Centrum Kultury SOK\u00d3\u0141 w Nowym S\u0105czu i finansowanego z bud\u017cetu Wojew\u00f3dztwa Ma\u0142opolskiego.<\/p>\n","protected":false},"author":2,"featured_media":0,"parent":0,"menu_order":0,"comment_status":"closed","ping_status":"closed","template":"","meta":[],"_links":{"self":[{"href":"https:\/\/movart.org.pl\/index.php?rest_route=\/wp\/v2\/pages\/508"}],"collection":[{"href":"https:\/\/movart.org.pl\/index.php?rest_route=\/wp\/v2\/pages"}],"about":[{"href":"https:\/\/movart.org.pl\/index.php?rest_route=\/wp\/v2\/types\/page"}],"author":[{"embeddable":true,"href":"https:\/\/movart.org.pl\/index.php?rest_route=\/wp\/v2\/users\/2"}],"replies":[{"embeddable":true,"href":"https:\/\/movart.org.pl\/index.php?rest_route=%2Fwp%2Fv2%2Fcomments&post=508"}],"version-history":[{"count":4,"href":"https:\/\/movart.org.pl\/index.php?rest_route=\/wp\/v2\/pages\/508\/revisions"}],"predecessor-version":[{"id":516,"href":"https:\/\/movart.org.pl\/index.php?rest_route=\/wp\/v2\/pages\/508\/revisions\/516"}],"wp:attachment":[{"href":"https:\/\/movart.org.pl\/index.php?rest_route=%2Fwp%2Fv2%2Fmedia&parent=508"}],"curies":[{"name":"wp","href":"https:\/\/api.w.org\/{rel}","templated":true}]}}