{"id":410,"date":"2021-12-30T15:10:23","date_gmt":"2021-12-30T14:10:23","guid":{"rendered":"http:\/\/wiaraprawda.pl\/?page_id=410"},"modified":"2024-10-14T11:54:36","modified_gmt":"2024-10-14T09:54:36","slug":"bedziemy-polakami","status":"publish","type":"page","link":"https:\/\/movart.org.pl\/?page_id=410","title":{"rendered":"B\u0119dziemy Polakami"},"content":{"rendered":"\n<figure class=\"wp-block-image size-large\"><img loading=\"lazy\" width=\"1024\" height=\"919\" src=\"http:\/\/wiaraprawda.pl\/wp-content\/uploads\/2021\/12\/Miniatura-tytulowa-z-logotypami-1-1024x919.png\" alt=\"\" class=\"wp-image-421\" srcset=\"https:\/\/movart.org.pl\/wp-content\/uploads\/2021\/12\/Miniatura-tytulowa-z-logotypami-1-1024x919.png 1024w, https:\/\/movart.org.pl\/wp-content\/uploads\/2021\/12\/Miniatura-tytulowa-z-logotypami-1-300x269.png 300w, https:\/\/movart.org.pl\/wp-content\/uploads\/2021\/12\/Miniatura-tytulowa-z-logotypami-1-768x690.png 768w, https:\/\/movart.org.pl\/wp-content\/uploads\/2021\/12\/Miniatura-tytulowa-z-logotypami-1-1536x1379.png 1536w, https:\/\/movart.org.pl\/wp-content\/uploads\/2021\/12\/Miniatura-tytulowa-z-logotypami-1-301x270.png 301w, https:\/\/movart.org.pl\/wp-content\/uploads\/2021\/12\/Miniatura-tytulowa-z-logotypami-1.png 1920w\" sizes=\"(max-width: 1024px) 100vw, 1024px\" \/><\/figure>\n\n\n\n<p>Fundacja zrealizowa\u0142a Film dokumentalny pt. &#8222;B\u0119dziemy Polakami&#8221;. To historia rodziny Goetz\u00f3w-Okocimskich, kt\u00f3rzy przybyli do Galicji w po\u0142owie XIX wieku. Ci Niemcy z pochodzenia, a Polacy z wyboru, byli tw\u00f3rcami i w\u0142a\u015bcicielami s\u0142ynnego Browaru Okocim; prowadzili tak\u017ce szerok\u0105 dzia\u0142alno\u015b\u0107 na rzecz rozwoju spo\u0142ecznego, kulturowego i politycznego kraju, kt\u00f3ry szczeg\u00f3lnie du\u017co zawdzi\u0119cza im w czasie rodz\u0105cej si\u0119 niepodleg\u0142o\u015bci.<\/p>\n\n\n\n<p>Losy Goetz\u00f3w-Okocimskich nieod\u0142\u0105cznie splata\u0142y si\u0119 z histori\u0105 Polski &#8211; wiele w nich pi\u0119knych moment\u00f3w, ale nie brak tak\u017ce tragicznych zwrot\u00f3w akcji.<\/p>\n\n\n\n<p>Zadanie dofinansowane ze \u015brodk\u00f3w Instytutu Dziedzictwa My\u015bli Narodowej im. Romana Dmowskiego i Ignacego Jana Paderewskiego w ramach Funduszu Patriotycznego. Program &#8222;Wolno\u015b\u0107 po polsku 2021&#8221; &#8211; edycja 2021, priorytet I.<\/p>\n\n\n\n<p>Zwiastun:<\/p>\n\n\n\n<figure class=\"wp-block-embed is-type-video is-provider-youtube wp-block-embed-youtube wp-embed-aspect-16-9 wp-has-aspect-ratio\"><div class=\"wp-block-embed__wrapper\">\n<iframe loading=\"lazy\" title=\"B\u0119dziemy Polakami - z audiodeskrypcj\u0105\" width=\"640\" height=\"360\" src=\"https:\/\/www.youtube.com\/embed\/bz5Kyn1MLMA?feature=oembed\" frameborder=\"0\" allow=\"accelerometer; autoplay; clipboard-write; encrypted-media; gyroscope; picture-in-picture\" allowfullscreen><\/iframe>\n<\/div><\/figure>\n\n\n\n<p>Zwiastun za napisami PL:<\/p>\n\n\n\n<figure class=\"wp-block-embed is-type-video is-provider-youtube wp-block-embed-youtube wp-embed-aspect-16-9 wp-has-aspect-ratio\"><div class=\"wp-block-embed__wrapper\">\n<iframe loading=\"lazy\" title=\"B\u0119dziemy Polakami - Zwiastun z audiodeskrypcj\u0105\" width=\"640\" height=\"360\" src=\"https:\/\/www.youtube.com\/embed\/AgcomnvqdP8?feature=oembed\" frameborder=\"0\" allow=\"accelerometer; autoplay; clipboard-write; encrypted-media; gyroscope; picture-in-picture\" allowfullscreen><\/iframe>\n<\/div><\/figure>\n\n\n\n<p>Ca\u0142y film do zobaczenia tutaj:<\/p>\n\n\n\n<figure class=\"wp-block-embed is-type-video is-provider-youtube wp-block-embed-youtube wp-embed-aspect-16-9 wp-has-aspect-ratio\"><div class=\"wp-block-embed__wrapper\">\n<iframe loading=\"lazy\" title=\"B\u0119dziemy Polakami\" width=\"640\" height=\"360\" src=\"https:\/\/www.youtube.com\/embed\/YZN5aRanc7E?feature=oembed\" frameborder=\"0\" allow=\"accelerometer; autoplay; clipboard-write; encrypted-media; gyroscope; picture-in-picture\" allowfullscreen><\/iframe>\n<\/div><\/figure>\n\n\n\n<p>Film z napisami PL:<\/p>\n\n\n\n<figure class=\"wp-block-embed is-type-video is-provider-youtube wp-block-embed-youtube wp-embed-aspect-16-9 wp-has-aspect-ratio\"><div class=\"wp-block-embed__wrapper\">\n<iframe loading=\"lazy\" title=\"B\u0119dziemy Polakami - z audiodeskrypcj\u0105\" width=\"640\" height=\"360\" src=\"https:\/\/www.youtube.com\/embed\/bz5Kyn1MLMA?feature=oembed\" frameborder=\"0\" allow=\"accelerometer; autoplay; clipboard-write; encrypted-media; gyroscope; picture-in-picture\" allowfullscreen><\/iframe>\n<\/div><\/figure>\n","protected":false},"excerpt":{"rendered":"<p>Fundacja zrealizowa\u0142a Film dokumentalny pt. &#8222;B\u0119dziemy Polakami&#8221;. To historia rodziny Goetz\u00f3w-Okocimskich, kt\u00f3rzy przybyli do Galicji w po\u0142owie XIX wieku. Ci Niemcy z pochodzenia, a Polacy z wyboru, byli tw\u00f3rcami i w\u0142a\u015bcicielami s\u0142ynnego Browaru Okocim; prowadzili tak\u017ce szerok\u0105 dzia\u0142alno\u015b\u0107 na rzecz rozwoju spo\u0142ecznego, kulturowego i politycznego kraju, kt\u00f3ry szczeg\u00f3lnie du\u017co zawdzi\u0119cza im w czasie rodz\u0105cej si\u0119 niepodleg\u0142o\u015bci. Losy Goetz\u00f3w-Okocimskich nieod\u0142\u0105cznie splata\u0142y si\u0119 z histori\u0105 Polski &#8211; wiele w nich pi\u0119knych moment\u00f3w, ale nie brak tak\u017ce tragicznych zwrot\u00f3w akcji. Zadanie dofinansowane ze&#8230;<\/p>\n<p class=\"read-more\"><a class=\"btn btn-default\" href=\"https:\/\/movart.org.pl\/?page_id=410\"> Read More<span class=\"screen-reader-text\">  Read More<\/span><\/a><\/p>\n","protected":false},"author":2,"featured_media":0,"parent":0,"menu_order":0,"comment_status":"closed","ping_status":"closed","template":"","meta":[],"_links":{"self":[{"href":"https:\/\/movart.org.pl\/index.php?rest_route=\/wp\/v2\/pages\/410"}],"collection":[{"href":"https:\/\/movart.org.pl\/index.php?rest_route=\/wp\/v2\/pages"}],"about":[{"href":"https:\/\/movart.org.pl\/index.php?rest_route=\/wp\/v2\/types\/page"}],"author":[{"embeddable":true,"href":"https:\/\/movart.org.pl\/index.php?rest_route=\/wp\/v2\/users\/2"}],"replies":[{"embeddable":true,"href":"https:\/\/movart.org.pl\/index.php?rest_route=%2Fwp%2Fv2%2Fcomments&post=410"}],"version-history":[{"count":4,"href":"https:\/\/movart.org.pl\/index.php?rest_route=\/wp\/v2\/pages\/410\/revisions"}],"predecessor-version":[{"id":632,"href":"https:\/\/movart.org.pl\/index.php?rest_route=\/wp\/v2\/pages\/410\/revisions\/632"}],"wp:attachment":[{"href":"https:\/\/movart.org.pl\/index.php?rest_route=%2Fwp%2Fv2%2Fmedia&parent=410"}],"curies":[{"name":"wp","href":"https:\/\/api.w.org\/{rel}","templated":true}]}}