{"id":218,"date":"2020-11-24T09:42:17","date_gmt":"2020-11-24T08:42:17","guid":{"rendered":"http:\/\/wiaraprawda.pl\/?page_id=218"},"modified":"2020-11-27T11:36:15","modified_gmt":"2020-11-27T10:36:15","slug":"swiety-z-wadowic","status":"publish","type":"page","link":"https:\/\/movart.org.pl\/?page_id=218","title":{"rendered":"\u015awi\u0119ty z Wadowic"},"content":{"rendered":"<p>\n<!--StartFragment--><\/p>\n\n\n<h3>\u015awi\u0119ty z Wadowic &#8211; niezwyk\u0142e wydarzenie w szczeg\u00f3lnym czasie<\/h3>\n\n\n\n<p>By\u0142 ciep\u0142y sierpniowy wiecz\u00f3r, kiedy nad <a href=\"https:\/\/www.facebook.com\/sanktuarium.kalwaria\/?__tn__=KH-R&amp;eid=ARCa8Vwa-VCiBj2PGypK7PpjLC5YsKrjAg0YwIwcCg0B0D8fWc2pL71_B4qh7F2io_SPnfyHiuWG8zTW&amp;fref=mentions&amp;__xts__%5B0%5D=68.ARDmoPpYm-jh5oKkKhIk6SVbF1TqhG3sSuehppCum_0TniumivWYei8Nts-KvkvUXvjcrkrxwWS-AIuYlfk3HMSuOTsuM9PCs96WqogcbRrixYn7_WGQ-CsOjNkCkmOkNK7X6ybtz22BPEgXEeHQYX1D6wWxWOpOttyhmxvccyFlw3T3ZhiQi6P5cEe7H1pbwRNrLAPLkqYi8S_P0Toth_h-g-Y-iZU02csg4u3GvAMGy15cjdO0qHcCm5Haue4C3h4ODZGUqQMHKjzlZ_m010V_1sa34mNtpKiThl_e44IVsnIDGuvg4gL6sOMXyNJZ8pDRwvza6aykz28bpYXQyF_O-OWE-m66FNkPxokZFZze2_84XQ7GOrz2In9Nfc042LscqSi-GMIXnvnZgvGDklgS1XeoK-teZ4OgA-2NrqWNhHg-cd8MKX4tLiOEugpyqsqY3IaqTAPz5WYCew5ClJsN3r1ylrW9H77hcQ9xSIrgBQSmqB6yRMsnXEucr39d4XwMRNu8TH6aJ0-la--oOZV4bORxk2aexppHqk_KaNM-JFwWwobEPMfZ6DTPCxKUcPuW1fgevOeMNW7y6SQ-NaiU_y7IFfZ1TxxpidmFm7quhIgRTIgH-sOKWf48Fm2azey59wMNPoe2CU3ySWH3_DTtkc8qPquY2MMTg94FIJdLefOxUa5zeTj3YScLtidJOjtZJlPsYuspHWdO5Y-PHOWH_oyhaSASIsr2ixWWzvR2ABNiprAarxtgUUoB44eLPCJZHj_VqrnymoNt0pSvs2hfMYCUYJC-ETb6mMjhDdv_B8ItlKrEY9KqRO8FtE1-1PW4sMDroDtxUXShWggw-9PE7ab4JjvUTas\">Sanktuarium Pasyjno-Maryjne w Kalwarii Zebrzydowskiej<\/a> zapada\u0142 zmrok. Mimo nadchodz\u0105cego wieczoru na parkingu pojawia\u0142o si\u0119 coraz wi\u0119cej samochod\u00f3w, a w okolicy o\u0142tarza polowego zbierali si\u0119 widzowie. Pami\u0119tacie ten wiecz\u00f3r\u2753?<\/p>\n\n\n\n<p> \u27a1 15.08.2020 o godz. 21:00 \u2b05  wystartowali\u015bmy z fenomenalnym koncertem z piosenkami z widowiska  \u201c\u015awi\u0119ty z Wadowic &#8211; Jan Pawe\u0142 II\u201d. <\/p>\n\n\n\n<p> Wyst\u0105pili:<br> Magda Steczkowska, Justyna Reczeniedi, Joanna Smajdor, Hanka W\u00f3jciak,  Andrzej Lampert, Rafa\u0142 \u017bur, Darek Mucha, Mateusz Nag\u00f3rski, Mariusz  Ostrowski, Lidia Olszak, Wojciech Trela<\/p>\n\n\n\n<p> Orkiestra pod batut\u0105: Mi\u0142osz Wo\u015bko<br> Kierownictwo muzyczne: Krzysztof Odrobina<br> Scenariusz i re\u017cyseria: Micha\u0142 Zab\u0142ocki<br> Prowadzenie: Marek Zaj\u0105c<\/p>\n\n\n\n<p> organizatorzy: <a href=\"https:\/\/www.facebook.com\/wiaraprawda\/?__tn__=KH-R&amp;eid=ARAReA_fPMUNDXz4XXVzEAqp3tm-Hy72vwOK0JhPvHA-vtY27-UVYfE4g2JoUcpbd20uLnnRXekN103N&amp;fref=mentions&amp;__xts__%5B0%5D=68.ARDmoPpYm-jh5oKkKhIk6SVbF1TqhG3sSuehppCum_0TniumivWYei8Nts-KvkvUXvjcrkrxwWS-AIuYlfk3HMSuOTsuM9PCs96WqogcbRrixYn7_WGQ-CsOjNkCkmOkNK7X6ybtz22BPEgXEeHQYX1D6wWxWOpOttyhmxvccyFlw3T3ZhiQi6P5cEe7H1pbwRNrLAPLkqYi8S_P0Toth_h-g-Y-iZU02csg4u3GvAMGy15cjdO0qHcCm5Haue4C3h4ODZGUqQMHKjzlZ_m010V_1sa34mNtpKiThl_e44IVsnIDGuvg4gL6sOMXyNJZ8pDRwvza6aykz28bpYXQyF_O-OWE-m66FNkPxokZFZze2_84XQ7GOrz2In9Nfc042LscqSi-GMIXnvnZgvGDklgS1XeoK-teZ4OgA-2NrqWNhHg-cd8MKX4tLiOEugpyqsqY3IaqTAPz5WYCew5ClJsN3r1ylrW9H77hcQ9xSIrgBQSmqB6yRMsnXEucr39d4XwMRNu8TH6aJ0-la--oOZV4bORxk2aexppHqk_KaNM-JFwWwobEPMfZ6DTPCxKUcPuW1fgevOeMNW7y6SQ-NaiU_y7IFfZ1TxxpidmFm7quhIgRTIgH-sOKWf48Fm2azey59wMNPoe2CU3ySWH3_DTtkc8qPquY2MMTg94FIJdLefOxUa5zeTj3YScLtidJOjtZJlPsYuspHWdO5Y-PHOWH_oyhaSASIsr2ixWWzvR2ABNiprAarxtgUUoB44eLPCJZHj_VqrnymoNt0pSvs2hfMYCUYJC-ETb6mMjhDdv_B8ItlKrEY9KqRO8FtE1-1PW4sMDroDtxUXShWggw-9PE7ab4JjvUTas\">Fundacja Wiara i Prawda<\/a>, <a href=\"https:\/\/www.facebook.com\/sanktuarium.kalwaria\/?__tn__=KH-R&amp;eid=ARAj_fvf86ZN1Kf8pBxjORkfZnTfRobd-wwyOihJ8ZD_YnXIqe5BSGSEHgYcQe4ZVGiD42oW0bGMCc3x&amp;fref=mentions&amp;__xts__%5B0%5D=68.ARDmoPpYm-jh5oKkKhIk6SVbF1TqhG3sSuehppCum_0TniumivWYei8Nts-KvkvUXvjcrkrxwWS-AIuYlfk3HMSuOTsuM9PCs96WqogcbRrixYn7_WGQ-CsOjNkCkmOkNK7X6ybtz22BPEgXEeHQYX1D6wWxWOpOttyhmxvccyFlw3T3ZhiQi6P5cEe7H1pbwRNrLAPLkqYi8S_P0Toth_h-g-Y-iZU02csg4u3GvAMGy15cjdO0qHcCm5Haue4C3h4ODZGUqQMHKjzlZ_m010V_1sa34mNtpKiThl_e44IVsnIDGuvg4gL6sOMXyNJZ8pDRwvza6aykz28bpYXQyF_O-OWE-m66FNkPxokZFZze2_84XQ7GOrz2In9Nfc042LscqSi-GMIXnvnZgvGDklgS1XeoK-teZ4OgA-2NrqWNhHg-cd8MKX4tLiOEugpyqsqY3IaqTAPz5WYCew5ClJsN3r1ylrW9H77hcQ9xSIrgBQSmqB6yRMsnXEucr39d4XwMRNu8TH6aJ0-la--oOZV4bORxk2aexppHqk_KaNM-JFwWwobEPMfZ6DTPCxKUcPuW1fgevOeMNW7y6SQ-NaiU_y7IFfZ1TxxpidmFm7quhIgRTIgH-sOKWf48Fm2azey59wMNPoe2CU3ySWH3_DTtkc8qPquY2MMTg94FIJdLefOxUa5zeTj3YScLtidJOjtZJlPsYuspHWdO5Y-PHOWH_oyhaSASIsr2ixWWzvR2ABNiprAarxtgUUoB44eLPCJZHj_VqrnymoNt0pSvs2hfMYCUYJC-ETb6mMjhDdv_B8ItlKrEY9KqRO8FtE1-1PW4sMDroDtxUXShWggw-9PE7ab4JjvUTas\">Sanktuarium Pasyjno-Maryjne w Kalwarii Zebrzydowskiej<\/a> oraz <a href=\"https:\/\/www.facebook.com\/kalwariazebrzydowska\/?__tn__=KH-R&amp;eid=ARBzOMQa_fCT7SwvjvuI3YcXSiyz3jf41mkXHV-dBu_2RLUIkkvuAXzBepW9taYQztg1rrFaEUFqrdDX&amp;fref=mentions&amp;__xts__%5B0%5D=68.ARDmoPpYm-jh5oKkKhIk6SVbF1TqhG3sSuehppCum_0TniumivWYei8Nts-KvkvUXvjcrkrxwWS-AIuYlfk3HMSuOTsuM9PCs96WqogcbRrixYn7_WGQ-CsOjNkCkmOkNK7X6ybtz22BPEgXEeHQYX1D6wWxWOpOttyhmxvccyFlw3T3ZhiQi6P5cEe7H1pbwRNrLAPLkqYi8S_P0Toth_h-g-Y-iZU02csg4u3GvAMGy15cjdO0qHcCm5Haue4C3h4ODZGUqQMHKjzlZ_m010V_1sa34mNtpKiThl_e44IVsnIDGuvg4gL6sOMXyNJZ8pDRwvza6aykz28bpYXQyF_O-OWE-m66FNkPxokZFZze2_84XQ7GOrz2In9Nfc042LscqSi-GMIXnvnZgvGDklgS1XeoK-teZ4OgA-2NrqWNhHg-cd8MKX4tLiOEugpyqsqY3IaqTAPz5WYCew5ClJsN3r1ylrW9H77hcQ9xSIrgBQSmqB6yRMsnXEucr39d4XwMRNu8TH6aJ0-la--oOZV4bORxk2aexppHqk_KaNM-JFwWwobEPMfZ6DTPCxKUcPuW1fgevOeMNW7y6SQ-NaiU_y7IFfZ1TxxpidmFm7quhIgRTIgH-sOKWf48Fm2azey59wMNPoe2CU3ySWH3_DTtkc8qPquY2MMTg94FIJdLefOxUa5zeTj3YScLtidJOjtZJlPsYuspHWdO5Y-PHOWH_oyhaSASIsr2ixWWzvR2ABNiprAarxtgUUoB44eLPCJZHj_VqrnymoNt0pSvs2hfMYCUYJC-ETb6mMjhDdv_B8ItlKrEY9KqRO8FtE1-1PW4sMDroDtxUXShWggw-9PE7ab4JjvUTas\">Gmina Kalwaria Zebrzydowska<\/a><br> producenci: <a href=\"https:\/\/www.facebook.com\/pelnikultury\/?__tn__=KH-R&amp;eid=ARDYBceEjaL0LYQ6_L_G5N84sF2tvAgFbiRBUoBcVOQ8RTlf0O1ruA83mRZc2R661Rxb1R14Kc0LPlne&amp;fref=mentions&amp;__xts__%5B0%5D=68.ARDmoPpYm-jh5oKkKhIk6SVbF1TqhG3sSuehppCum_0TniumivWYei8Nts-KvkvUXvjcrkrxwWS-AIuYlfk3HMSuOTsuM9PCs96WqogcbRrixYn7_WGQ-CsOjNkCkmOkNK7X6ybtz22BPEgXEeHQYX1D6wWxWOpOttyhmxvccyFlw3T3ZhiQi6P5cEe7H1pbwRNrLAPLkqYi8S_P0Toth_h-g-Y-iZU02csg4u3GvAMGy15cjdO0qHcCm5Haue4C3h4ODZGUqQMHKjzlZ_m010V_1sa34mNtpKiThl_e44IVsnIDGuvg4gL6sOMXyNJZ8pDRwvza6aykz28bpYXQyF_O-OWE-m66FNkPxokZFZze2_84XQ7GOrz2In9Nfc042LscqSi-GMIXnvnZgvGDklgS1XeoK-teZ4OgA-2NrqWNhHg-cd8MKX4tLiOEugpyqsqY3IaqTAPz5WYCew5ClJsN3r1ylrW9H77hcQ9xSIrgBQSmqB6yRMsnXEucr39d4XwMRNu8TH6aJ0-la--oOZV4bORxk2aexppHqk_KaNM-JFwWwobEPMfZ6DTPCxKUcPuW1fgevOeMNW7y6SQ-NaiU_y7IFfZ1TxxpidmFm7quhIgRTIgH-sOKWf48Fm2azey59wMNPoe2CU3ySWH3_DTtkc8qPquY2MMTg94FIJdLefOxUa5zeTj3YScLtidJOjtZJlPsYuspHWdO5Y-PHOWH_oyhaSASIsr2ixWWzvR2ABNiprAarxtgUUoB44eLPCJZHj_VqrnymoNt0pSvs2hfMYCUYJC-ETb6mMjhDdv_B8ItlKrEY9KqRO8FtE1-1PW4sMDroDtxUXShWggw-9PE7ab4JjvUTas\">Fundacja Pe\u0142ni Kultury<\/a>, <a href=\"https:\/\/www.facebook.com\/NarodoweCentrumKultury\/?__tn__=KH-R&amp;eid=ARCMg146XxIuFOTX15a4YiSByyWHbSAI5EmWPx-MsstMKXVHoTCaofbUy_wFhgW8PuVfo1UIVcaY8_2o&amp;fref=mentions&amp;__xts__%5B0%5D=68.ARDmoPpYm-jh5oKkKhIk6SVbF1TqhG3sSuehppCum_0TniumivWYei8Nts-KvkvUXvjcrkrxwWS-AIuYlfk3HMSuOTsuM9PCs96WqogcbRrixYn7_WGQ-CsOjNkCkmOkNK7X6ybtz22BPEgXEeHQYX1D6wWxWOpOttyhmxvccyFlw3T3ZhiQi6P5cEe7H1pbwRNrLAPLkqYi8S_P0Toth_h-g-Y-iZU02csg4u3GvAMGy15cjdO0qHcCm5Haue4C3h4ODZGUqQMHKjzlZ_m010V_1sa34mNtpKiThl_e44IVsnIDGuvg4gL6sOMXyNJZ8pDRwvza6aykz28bpYXQyF_O-OWE-m66FNkPxokZFZze2_84XQ7GOrz2In9Nfc042LscqSi-GMIXnvnZgvGDklgS1XeoK-teZ4OgA-2NrqWNhHg-cd8MKX4tLiOEugpyqsqY3IaqTAPz5WYCew5ClJsN3r1ylrW9H77hcQ9xSIrgBQSmqB6yRMsnXEucr39d4XwMRNu8TH6aJ0-la--oOZV4bORxk2aexppHqk_KaNM-JFwWwobEPMfZ6DTPCxKUcPuW1fgevOeMNW7y6SQ-NaiU_y7IFfZ1TxxpidmFm7quhIgRTIgH-sOKWf48Fm2azey59wMNPoe2CU3ySWH3_DTtkc8qPquY2MMTg94FIJdLefOxUa5zeTj3YScLtidJOjtZJlPsYuspHWdO5Y-PHOWH_oyhaSASIsr2ixWWzvR2ABNiprAarxtgUUoB44eLPCJZHj_VqrnymoNt0pSvs2hfMYCUYJC-ETb6mMjhDdv_B8ItlKrEY9KqRO8FtE1-1PW4sMDroDtxUXShWggw-9PE7ab4JjvUTas\">Narodowe Centrum Kultury<\/a><\/p>\n\n\n\n<p>Projekt zrealizowano przy wsparciu finansowym Wojew\u00f3dztwa Ma\u0142opolskiego<\/p>\n\n\n\n<figure class=\"wp-block-embed-youtube wp-block-embed is-type-video is-provider-youtube wp-embed-aspect-16-9 wp-has-aspect-ratio\"><div class=\"wp-block-embed__wrapper\">\n<iframe loading=\"lazy\" title=\"\u015awi\u0119ty z Wadowic - Jan Pawe\u0142 II\" width=\"640\" height=\"360\" src=\"https:\/\/www.youtube.com\/embed\/s6bDnMkwAFU?feature=oembed\" frameborder=\"0\" allow=\"accelerometer; autoplay; clipboard-write; encrypted-media; gyroscope; picture-in-picture\" allowfullscreen><\/iframe>\n<\/div><\/figure>\n\n\n\n<p>Film z koncertu na FB:<\/p>\n\n\n\n<p><a href=\"https:\/\/www.facebook.com\/pelnikultury\/videos\/3023622854414153\/\" target=\"_blank\" rel=\"noreferrer noopener\" aria-label=\" (otwiera si\u0119 na nowej zak\u0142adce)\">https:\/\/www.facebook.com\/pelnikultury\/videos\/3023622854414153\/<\/a><\/p>\n\n\n\n<figure class=\"wp-block-image\"><img loading=\"lazy\" width=\"960\" height=\"640\" src=\"http:\/\/wiaraprawda.pl\/wp-content\/uploads\/2020\/11\/118042166_2014741325328845_7005639649075980457_o.jpg\" alt=\"\" class=\"wp-image-202\" srcset=\"https:\/\/movart.org.pl\/wp-content\/uploads\/2020\/11\/118042166_2014741325328845_7005639649075980457_o.jpg 960w, https:\/\/movart.org.pl\/wp-content\/uploads\/2020\/11\/118042166_2014741325328845_7005639649075980457_o-300x200.jpg 300w, https:\/\/movart.org.pl\/wp-content\/uploads\/2020\/11\/118042166_2014741325328845_7005639649075980457_o-768x512.jpg 768w, https:\/\/movart.org.pl\/wp-content\/uploads\/2020\/11\/118042166_2014741325328845_7005639649075980457_o-405x270.jpg 405w\" sizes=\"(max-width: 960px) 100vw, 960px\" \/><\/figure>\n","protected":false},"excerpt":{"rendered":"<p>\u015awi\u0119ty z Wadowic &#8211; niezwyk\u0142e wydarzenie w szczeg\u00f3lnym czasie By\u0142 ciep\u0142y sierpniowy wiecz\u00f3r, kiedy nad Sanktuarium Pasyjno-Maryjne w Kalwarii Zebrzydowskiej zapada\u0142 zmrok. Mimo nadchodz\u0105cego wieczoru na parkingu pojawia\u0142o si\u0119 coraz wi\u0119cej samochod\u00f3w, a w okolicy o\u0142tarza polowego zbierali si\u0119 widzowie. Pami\u0119tacie ten wiecz\u00f3r\u2753? \u27a1 15.08.2020 o godz. 21:00 \u2b05 wystartowali\u015bmy z fenomenalnym koncertem z piosenkami z widowiska \u201c\u015awi\u0119ty z Wadowic &#8211; Jan Pawe\u0142 II\u201d. Wyst\u0105pili: Magda Steczkowska, Justyna Reczeniedi, Joanna Smajdor, Hanka W\u00f3jciak, Andrzej Lampert, Rafa\u0142 \u017bur, Darek Mucha, Mateusz&#8230;<\/p>\n<p class=\"read-more\"><a class=\"btn btn-default\" href=\"https:\/\/movart.org.pl\/?page_id=218\"> Read More<span class=\"screen-reader-text\">  Read More<\/span><\/a><\/p>\n","protected":false},"author":2,"featured_media":0,"parent":0,"menu_order":0,"comment_status":"closed","ping_status":"closed","template":"","meta":[],"_links":{"self":[{"href":"https:\/\/movart.org.pl\/index.php?rest_route=\/wp\/v2\/pages\/218"}],"collection":[{"href":"https:\/\/movart.org.pl\/index.php?rest_route=\/wp\/v2\/pages"}],"about":[{"href":"https:\/\/movart.org.pl\/index.php?rest_route=\/wp\/v2\/types\/page"}],"author":[{"embeddable":true,"href":"https:\/\/movart.org.pl\/index.php?rest_route=\/wp\/v2\/users\/2"}],"replies":[{"embeddable":true,"href":"https:\/\/movart.org.pl\/index.php?rest_route=%2Fwp%2Fv2%2Fcomments&post=218"}],"version-history":[{"count":4,"href":"https:\/\/movart.org.pl\/index.php?rest_route=\/wp\/v2\/pages\/218\/revisions"}],"predecessor-version":[{"id":231,"href":"https:\/\/movart.org.pl\/index.php?rest_route=\/wp\/v2\/pages\/218\/revisions\/231"}],"wp:attachment":[{"href":"https:\/\/movart.org.pl\/index.php?rest_route=%2Fwp%2Fv2%2Fmedia&parent=218"}],"curies":[{"name":"wp","href":"https:\/\/api.w.org\/{rel}","templated":true}]}}