{"id":190,"date":"2020-11-23T09:24:29","date_gmt":"2020-11-23T08:24:29","guid":{"rendered":"http:\/\/wiaraprawda.pl\/?page_id=190"},"modified":"2020-11-30T16:49:30","modified_gmt":"2020-11-30T15:49:30","slug":"w-czelusciach-pamieci","status":"publish","type":"page","link":"https:\/\/movart.org.pl\/?page_id=190","title":{"rendered":"W czelu\u015bciach pami\u0119ci&#8230;"},"content":{"rendered":"\n<p>Wsp\u00f3lnie z Fundacj\u0105 Rozwoju Systemu Edukacji zrealizowali\u015bmy projekty filmowe wraz z materia\u0142ami edukacyjnymi dla szk\u00f3\u0142.<\/p>\n\n\n\n<h3>&#8222;W czelu\u015bciach Gusen&#8221;<\/h3>\n\n\n\n<p><strong>KL Ravensbr\u00fcck<\/strong> &#8211; po\u0142o\u017cony nad idyllicznym jeziorem, gdzie przed wojn\u0105 odpoczywali berli\u0144czycy&#8230; Najwi\u0119kszy w III Rzeszy ob\u00f3z koncentracyjny dla kobiet, w kt\u00f3rym najliczniejsz\u0105 grup\u0119 stanowi\u0142y Polki. Rytm wyznacza\u0142y mordercza praca i g\u0142\u00f3d, przemoc i wszechobecna \u015bmier\u0107. Tragizmu obozowych dni i nocy nie jest w stanie odda\u0107 \u017cadna fabularyzacja ani \u017cadna forma sztuki. Dlatego g\u0142os oddajemy wi\u0119\u017aniarkom \u2013 ich wra\u017cliwo\u015bci i woli przetrwania.<\/p>\n\n\n\n<figure class=\"wp-block-embed-youtube wp-block-embed is-type-video is-provider-youtube wp-embed-aspect-16-9 wp-has-aspect-ratio\"><div class=\"wp-block-embed__wrapper\">\n<iframe loading=\"lazy\" title=\"W czelu\u015bciach Gusen - zwiastun\" width=\"640\" height=\"360\" src=\"https:\/\/www.youtube.com\/embed\/1KeBd1SetaI?feature=oembed\" frameborder=\"0\" allow=\"accelerometer; autoplay; clipboard-write; encrypted-media; gyroscope; picture-in-picture\" allowfullscreen><\/iframe>\n<\/div><\/figure>\n\n\n\n<h3>&#8222;W odm\u0119tach Ravensbr\u00fcck&#8221;<\/h3>\n\n\n\n<p><strong>KL Ravensbr\u00fcck<\/strong> &#8211; po\u0142o\u017cony nad idyllicznym jeziorem, gdzie przed wojn\u0105 odpoczywali berli\u0144czycy&#8230; Najwi\u0119kszy w III Rzeszy ob\u00f3z koncentracyjny dla kobiet, w kt\u00f3rym najliczniejsz\u0105 grup\u0119 stanowi\u0142y Polki. Rytm wyznacza\u0142y mordercza praca i g\u0142\u00f3d, przemoc i wszechobecna \u015bmier\u0107. Tragizmu obozowych dni i nocy nie jest w stanie odda\u0107 \u017cadna fabularyzacja ani \u017cadna forma sztuki. Dlatego g\u0142os oddajemy wi\u0119\u017aniarkom \u2013 ich wra\u017cliwo\u015bci i woli przetrwania.<\/p>\n\n\n\n<figure class=\"wp-block-embed-youtube wp-block-embed is-type-video is-provider-youtube wp-embed-aspect-16-9 wp-has-aspect-ratio\"><div class=\"wp-block-embed__wrapper\">\n<iframe loading=\"lazy\" title=\"W odm\u0119tach Ravensbr\u00fcck - zwiastun\" width=\"640\" height=\"360\" src=\"https:\/\/www.youtube.com\/embed\/G5bLXVxwKTg?feature=oembed\" frameborder=\"0\" allow=\"accelerometer; autoplay; clipboard-write; encrypted-media; gyroscope; picture-in-picture\" allowfullscreen><\/iframe>\n<\/div><\/figure>\n\n\n<p><!--StartFragment--><\/p>\n\n\n<p>Nasz dyptyk filmowy zrealizowany z Fundacj\u0105 Rozwoju Systemu Edukacji &#8222;W  czelu\u015bciach Gusen&#8221; \/ &#8222;W odm\u0119tach Ravensbr\u00fcck&#8221; (re\u017c. Miros\u0142aw   Krzyszkowski, Joanna Zaj\u0105c, Marek Zaj\u0105c)  <strong>pokazywano na wielu festiwalach, gdzie filmy przechodzi\u0142y do pokaz\u00f3w fina\u0142owych (Zamojski Festiwal Filmowy \u201eSpotkania z histori\u0105\u201d 2020, Festiwal Form Dokumentalnych NURT 2020) oraz zdobywaj\u0105 nagrody i wyr\u00f3\u017cnienia<\/strong>: <\/p>\n\n\n\n<p>\u2022 W CZELU\u015aCIACH GUSEN otrzyma\u0142 Nagrod\u0119 Specjaln\u0105 Dyrektora  Artystycznego Festiwalu Form Dokumentalnych NURT 2020 Krzysztofa  Miklaszewskiego   <\/p>\n\n\n\n<p>\u2022 Na Mi\u0119dzynarodowym Katolickim Festiwalu Film\u00f3w i Multimedi\u00f3w &#8222;KSF  Niepokalana&#8221; 2020 otrzymali\u015bmy Wyr\u00f3\u017cnienie Specjalne w kategorii: Filmy edukacyjne i  katechetyczne <em>za &#8222;utrwalenie dramatycznej historii os\u00f3b zes\u0142anych do oboz\u00f3w koncentracyjnych&#8221;<\/em> <\/p>\n\n\n\n<ul class=\"wp-block-gallery columns-1 is-cropped\"><li class=\"blocks-gallery-item\"><figure><a href=\"http:\/\/wiaraprawda.pl\/wp-content\/uploads\/2020\/11\/2-nagroda1-1024x677.jpg\"><img loading=\"lazy\" width=\"1024\" height=\"677\" src=\"http:\/\/wiaraprawda.pl\/wp-content\/uploads\/2020\/11\/2-nagroda1-1024x677.jpg\" alt=\"\" data-id=\"206\" data-link=\"http:\/\/wiaraprawda.pl\/?attachment_id=206\" class=\"wp-image-206\" srcset=\"https:\/\/movart.org.pl\/wp-content\/uploads\/2020\/11\/2-nagroda1-1024x677.jpg 1024w, https:\/\/movart.org.pl\/wp-content\/uploads\/2020\/11\/2-nagroda1-300x198.jpg 300w, https:\/\/movart.org.pl\/wp-content\/uploads\/2020\/11\/2-nagroda1-768x508.jpg 768w, https:\/\/movart.org.pl\/wp-content\/uploads\/2020\/11\/2-nagroda1-408x270.jpg 408w\" sizes=\"(max-width: 1024px) 100vw, 1024px\" \/><\/a><\/figure><\/li><\/ul>\n\n\n\n<p>\u2022 Na Festiwalu Polonijnym &#8222;Losy Polak\u00f3w 2020&#8221; otrzymali\u015bmy II Nagrod\u0119 w kategorii &#8222;Filmy dokumentalne&#8221; .<\/p>\n","protected":false},"excerpt":{"rendered":"<p>Wsp\u00f3lnie z Fundacj\u0105 Rozwoju Systemu Edukacji zrealizowali\u015bmy projekty filmowe wraz z materia\u0142ami edukacyjnymi dla szk\u00f3\u0142. &#8222;W czelu\u015bciach Gusen&#8221; KL Ravensbr\u00fcck &#8211; po\u0142o\u017cony nad idyllicznym jeziorem, gdzie przed wojn\u0105 odpoczywali berli\u0144czycy&#8230; Najwi\u0119kszy w III Rzeszy ob\u00f3z koncentracyjny dla kobiet, w kt\u00f3rym najliczniejsz\u0105 grup\u0119 stanowi\u0142y Polki. Rytm wyznacza\u0142y mordercza praca i g\u0142\u00f3d, przemoc i wszechobecna \u015bmier\u0107. Tragizmu obozowych dni i nocy nie jest w stanie odda\u0107 \u017cadna fabularyzacja ani \u017cadna forma sztuki. Dlatego g\u0142os oddajemy wi\u0119\u017aniarkom \u2013 ich wra\u017cliwo\u015bci i woli przetrwania&#8230;.<\/p>\n<p class=\"read-more\"><a class=\"btn btn-default\" href=\"https:\/\/movart.org.pl\/?page_id=190\"> Read More<span class=\"screen-reader-text\">  Read More<\/span><\/a><\/p>\n","protected":false},"author":2,"featured_media":0,"parent":0,"menu_order":0,"comment_status":"closed","ping_status":"closed","template":"","meta":[],"_links":{"self":[{"href":"https:\/\/movart.org.pl\/index.php?rest_route=\/wp\/v2\/pages\/190"}],"collection":[{"href":"https:\/\/movart.org.pl\/index.php?rest_route=\/wp\/v2\/pages"}],"about":[{"href":"https:\/\/movart.org.pl\/index.php?rest_route=\/wp\/v2\/types\/page"}],"author":[{"embeddable":true,"href":"https:\/\/movart.org.pl\/index.php?rest_route=\/wp\/v2\/users\/2"}],"replies":[{"embeddable":true,"href":"https:\/\/movart.org.pl\/index.php?rest_route=%2Fwp%2Fv2%2Fcomments&post=190"}],"version-history":[{"count":10,"href":"https:\/\/movart.org.pl\/index.php?rest_route=\/wp\/v2\/pages\/190\/revisions"}],"predecessor-version":[{"id":239,"href":"https:\/\/movart.org.pl\/index.php?rest_route=\/wp\/v2\/pages\/190\/revisions\/239"}],"wp:attachment":[{"href":"https:\/\/movart.org.pl\/index.php?rest_route=%2Fwp%2Fv2%2Fmedia&parent=190"}],"curies":[{"name":"wp","href":"https:\/\/api.w.org\/{rel}","templated":true}]}}